{"id":1109,"date":"2025-03-31T13:15:25","date_gmt":"2025-03-31T11:15:25","guid":{"rendered":"https:\/\/greenmango24.com\/altesmango\/?page_id=1109"},"modified":"2025-05-23T11:01:58","modified_gmt":"2025-05-23T09:01:58","slug":"die-captains-vip-lounge-deine-freunde-deine-party-nur-fuer-euch","status":"publish","type":"page","link":"https:\/\/greenmango24.com\/altesmango\/die-captains-vip-lounge-deine-freunde-deine-party-nur-fuer-euch\/","title":{"rendered":"Captains Lounge (18-40 Personen)"},"content":{"rendered":"\t\t<div data-elementor-type=\"wp-page\" data-elementor-id=\"1109\" class=\"elementor elementor-1109\" data-elementor-post-type=\"page\">\n\t\t\t\t<div class=\"elementor-element elementor-element-b1a7f6c e-con-full e-flex e-con e-parent\" data-id=\"b1a7f6c\" data-element_type=\"container\">\n\t\t<div class=\"elementor-element elementor-element-615b2cc e-con-full e-flex e-con e-child\" data-id=\"615b2cc\" data-element_type=\"container\" data-settings=\"{&quot;background_background&quot;:&quot;classic&quot;}\">\n\t\t<div class=\"elementor-element elementor-element-6326a40 e-flex e-con-boxed e-con e-child\" data-id=\"6326a40\" data-element_type=\"container\">\n\t\t\t\t\t<div class=\"e-con-inner\">\n\t\t\t\t<div class=\"elementor-element elementor-element-6d7544d elementor-widget elementor-widget-heading\" data-id=\"6d7544d\" data-element_type=\"widget\" data-widget_type=\"heading.default\">\n\t\t\t\t<div class=\"elementor-widget-container\">\n\t\t\t\t\t<h1 class=\"elementor-heading-title elementor-size-default\">DIE CAPTAINS <span style=\"color: #ffffff\">VIP-LOUNGE <\/span> <\/h1>\t\t\t\t<\/div>\n\t\t\t\t<\/div>\n\t\t\t\t\t<\/div>\n\t\t\t\t<\/div>\n\t\t\t\t<\/div>\n\t\t\t\t<\/div>\n\t\t<div class=\"elementor-element elementor-element-91e3b38 e-con-full e-flex e-con e-parent\" data-id=\"91e3b38\" data-element_type=\"container\" data-settings=\"{&quot;background_background&quot;:&quot;classic&quot;}\">\n\t\t<div class=\"elementor-element elementor-element-33310f2 e-flex e-con-boxed e-con e-child\" data-id=\"33310f2\" data-element_type=\"container\">\n\t\t\t\t\t<div class=\"e-con-inner\">\n\t\t<div class=\"elementor-element elementor-element-b21b2a2 e-con-full e-flex e-con e-child\" data-id=\"b21b2a2\" data-element_type=\"container\" data-settings=\"{&quot;background_background&quot;:&quot;classic&quot;}\">\n\t\t<div class=\"elementor-element elementor-element-37aabd6 e-con-full e-flex e-con e-child\" data-id=\"37aabd6\" data-element_type=\"container\">\n\t\t\t\t<div class=\"elementor-element elementor-element-37f9bb6 elementor--h-position-center elementor--v-position-middle elementor-arrows-position-inside elementor-pagination-position-inside elementor-widget elementor-widget-slides\" data-id=\"37f9bb6\" data-element_type=\"widget\" data-settings=\"{&quot;navigation&quot;:&quot;both&quot;,&quot;autoplay&quot;:&quot;yes&quot;,&quot;pause_on_hover&quot;:&quot;yes&quot;,&quot;pause_on_interaction&quot;:&quot;yes&quot;,&quot;autoplay_speed&quot;:5000,&quot;infinite&quot;:&quot;yes&quot;,&quot;transition&quot;:&quot;slide&quot;,&quot;transition_speed&quot;:500}\" data-widget_type=\"slides.default\">\n\t\t\t\t<div class=\"elementor-widget-container\">\n\t\t\t\t\t\t\t\t\t<div class=\"elementor-swiper\">\n\t\t\t\t\t<div class=\"elementor-slides-wrapper elementor-main-swiper swiper\" role=\"region\" aria-roledescription=\"carousel\" aria-label=\"Slider\" dir=\"ltr\" data-animation=\"\">\n\t\t\t\t<div class=\"swiper-wrapper elementor-slides\">\n\t\t\t\t\t\t\t\t\t\t<div class=\"elementor-repeater-item-c41d48b swiper-slide\" role=\"group\" aria-roledescription=\"slide\"><div class=\"swiper-slide-bg\" role=\"img\"><\/div><div class=\"swiper-slide-inner\" ><div class=\"swiper-slide-contents\"><\/div><\/div><\/div><div class=\"elementor-repeater-item-5c22b33 swiper-slide\" role=\"group\" aria-roledescription=\"slide\"><div class=\"swiper-slide-bg\" role=\"img\"><\/div><div class=\"swiper-slide-inner\" ><div class=\"swiper-slide-contents\"><\/div><\/div><\/div><div class=\"elementor-repeater-item-d720e2b swiper-slide\" role=\"group\" aria-roledescription=\"slide\"><div class=\"swiper-slide-bg\" role=\"img\"><\/div><div class=\"swiper-slide-inner\" ><div class=\"swiper-slide-contents\"><\/div><\/div><\/div><div class=\"elementor-repeater-item-89387a7 swiper-slide\" role=\"group\" aria-roledescription=\"slide\"><div class=\"swiper-slide-bg\" role=\"img\"><\/div><div class=\"swiper-slide-inner\" ><div class=\"swiper-slide-contents\"><\/div><\/div><\/div><div class=\"elementor-repeater-item-eadc99c swiper-slide\" role=\"group\" aria-roledescription=\"slide\"><div class=\"swiper-slide-bg\" role=\"img\"><\/div><div class=\"swiper-slide-inner\" ><div class=\"swiper-slide-contents\"><\/div><\/div><\/div><div class=\"elementor-repeater-item-2fce9a3 swiper-slide\" role=\"group\" aria-roledescription=\"slide\"><div class=\"swiper-slide-bg\" role=\"img\"><\/div><div class=\"swiper-slide-inner\" ><div class=\"swiper-slide-contents\"><\/div><\/div><\/div><div class=\"elementor-repeater-item-4e85798 swiper-slide\" role=\"group\" aria-roledescription=\"slide\"><div class=\"swiper-slide-bg\" role=\"img\"><\/div><div class=\"swiper-slide-inner\" ><div class=\"swiper-slide-contents\"><\/div><\/div><\/div><div class=\"elementor-repeater-item-0b1b892 swiper-slide\" role=\"group\" aria-roledescription=\"slide\"><div class=\"swiper-slide-bg\" role=\"img\"><\/div><div class=\"swiper-slide-inner\" ><div class=\"swiper-slide-contents\"><\/div><\/div><\/div><div class=\"elementor-repeater-item-38375a3 swiper-slide\" role=\"group\" aria-roledescription=\"slide\"><div class=\"swiper-slide-bg\" role=\"img\"><\/div><div class=\"swiper-slide-inner\" ><div class=\"swiper-slide-contents\"><\/div><\/div><\/div><div class=\"elementor-repeater-item-11565ef swiper-slide\" role=\"group\" aria-roledescription=\"slide\"><div class=\"swiper-slide-bg\" role=\"img\"><\/div><div class=\"swiper-slide-inner\" ><div class=\"swiper-slide-contents\"><\/div><\/div><\/div><div class=\"elementor-repeater-item-91465a3 swiper-slide\" role=\"group\" aria-roledescription=\"slide\"><div class=\"swiper-slide-bg\" role=\"img\"><\/div><div class=\"swiper-slide-inner\" ><div class=\"swiper-slide-contents\"><\/div><\/div><\/div>\t\t\t\t<\/div>\n\t\t\t\t\t\t\t\t\t\t\t\t\t\t\t<div class=\"elementor-swiper-button elementor-swiper-button-prev\" role=\"button\" tabindex=\"0\" aria-label=\"Previous slide\">\n\t\t\t\t\t\t\t<svg aria-hidden=\"true\" class=\"e-font-icon-svg e-eicon-chevron-left\" viewBox=\"0 0 1000 1000\" xmlns=\"http:\/\/www.w3.org\/2000\/svg\"><path d=\"M646 125C629 125 613 133 604 142L308 442C296 454 292 471 292 487 292 504 296 521 308 533L604 854C617 867 629 875 646 875 663 875 679 871 692 858 704 846 713 829 713 812 713 796 708 779 692 767L438 487 692 225C700 217 708 204 708 187 708 171 704 154 692 142 675 129 663 125 646 125Z\"><\/path><\/svg>\t\t\t\t\t\t<\/div>\n\t\t\t\t\t\t<div class=\"elementor-swiper-button elementor-swiper-button-next\" role=\"button\" tabindex=\"0\" aria-label=\"Next slide\">\n\t\t\t\t\t\t\t<svg aria-hidden=\"true\" class=\"e-font-icon-svg e-eicon-chevron-right\" viewBox=\"0 0 1000 1000\" xmlns=\"http:\/\/www.w3.org\/2000\/svg\"><path d=\"M696 533C708 521 713 504 713 487 713 471 708 454 696 446L400 146C388 133 375 125 354 125 338 125 325 129 313 142 300 154 292 171 292 187 292 204 296 221 308 233L563 492 304 771C292 783 288 800 288 817 288 833 296 850 308 863 321 871 338 875 354 875 371 875 388 867 400 854L696 533Z\"><\/path><\/svg>\t\t\t\t\t\t<\/div>\n\t\t\t\t\t\t\t\t\t\t\t\t\t\t\t\t<div class=\"swiper-pagination\"><\/div>\n\t\t\t\t\t\t\t\t\t\t\t\t<\/div>\n\t\t\t\t<\/div>\n\t\t\t\t\t\t\t\t<\/div>\n\t\t\t\t<\/div>\n\t\t\t\t<\/div>\n\t\t<div class=\"elementor-element elementor-element-0a760c1 e-con-full e-flex e-con e-child\" data-id=\"0a760c1\" data-element_type=\"container\">\n\t\t\t\t<div class=\"elementor-element elementor-element-f622a19 elementor-widget elementor-widget-heading\" data-id=\"f622a19\" data-element_type=\"widget\" data-widget_type=\"heading.default\">\n\t\t\t\t<div class=\"elementor-widget-container\">\n\t\t\t\t\t<h2 class=\"elementor-heading-title elementor-size-default\"><span style=\"font-size: 65px;letter-spacing: 0px;text-align: var(--text-align)\">Dein eigenes Karaoke-Reich: die Captains VIP-Lounge!<\/span><\/h2>\t\t\t\t<\/div>\n\t\t\t\t<\/div>\n\t\t\t\t<\/div>\n\t\t\t\t<\/div>\n\t\t\t\t\t<\/div>\n\t\t\t\t<\/div>\n\t\t\t\t<\/div>\n\t\t<div class=\"elementor-element elementor-element-6fb9e80 e-con-full e-flex e-con e-parent\" data-id=\"6fb9e80\" data-element_type=\"container\">\n\t\t\t\t<div class=\"elementor-element elementor-element-7559979 elementor-widget elementor-widget-text-editor\" data-id=\"7559979\" data-element_type=\"widget\" data-widget_type=\"text-editor.default\">\n\t\t\t\t<div class=\"elementor-widget-container\">\n\t\t\t\t\t\t\t\t\t<p class=\"p1\"><span class=\"s1\">Ihr seid in der schallisolierten Lounge exklusiv untergebracht \u2013 ideal f\u00fcr Gruppen\u00a0<strong>zwischen 18 und 40 Personen<\/strong>! Die Captains VIP Lounge ist komplett mit hochwertiger Wandmalerei einer brasilianischen K\u00fcnstlerin versehen. Unsere erstklassige Bar und das integrierte DJ-Pult im Schiffslook versetzt euch endg\u00fcltig in karibische Stimmung.\u00a0<strong>Rustikal sch\u00f6ne Lounge- und Barm\u00f6bel<\/strong>\u00a0sorgen f\u00fcr eine entspannte aber feierliche Atmosph\u00e4re, perfekt um mit Freunden im gr\u00f6\u00dferen Kreis seine eigene, kleine Mega-Party in mitten von Europas gr\u00f6\u00dfter Karaokebar zu erleben. Best\u00fcckt mit\u00a0<strong>Songmonitoren, gro\u00dfen Bildschirmen und fetter Soundanlage<\/strong>\u00a0aus der Karaoke-Schatzkiste k\u00f6nnt ihr es richtig krachen lassen!<\/span><\/p><p>Die Lounge ist absolut einmalig in Berlin \u2013 nicht nur in Sachen Karaoke &amp; Dance. Ihr k\u00f6nnt tats\u00e4chlich auch hier auf das gesamte Repertoire des Green Mango \u2013<strong>150.000 Songs<\/strong>\u2013 in 24 Sprachen zur\u00fcckgreifen. Die Captains-VIP-Lounge garantiert den perfekten Abend (Nacht)\u00a0in absoluter Diskretion und Perfektion \u2013\u00a0<strong>zum nicht vergleichbaren Preis f\u00fcr diese Leistungen!<\/strong><\/p><p><strong>\u00a0<\/strong><\/p><div style=\"text-align: center;\"><h4 class=\"fusion-responsive-typography-calculated\" data-fontsize=\"20\" data-lineheight=\"30px\">Und: Nachdem eine Gruppe die Lounge-Zeit beendet hat oder wenn wir die Lounge nicht vergeben haben, ist sie in jedem Fall ge\u00f6ffnet f\u00fcr alle!<\/h4><\/div>\t\t\t\t\t\t\t\t<\/div>\n\t\t\t\t<\/div>\n\t\t\t\t<\/div>\n\t\t<div class=\"elementor-element elementor-element-b11f65d e-con-full e-flex e-con e-parent\" data-id=\"b11f65d\" data-element_type=\"container\">\n\t\t\t\t<div class=\"elementor-element elementor-element-773c647 inner_anchor elementor-widget elementor-widget-text-editor\" data-id=\"773c647\" data-element_type=\"widget\" data-widget_type=\"text-editor.default\">\n\t\t\t\t<div class=\"elementor-widget-container\">\n\t\t\t\t\t\t\t\t\t<p>\u00a0<\/p><p><span class=\"yellow_hilight\">Jetzt NEU<\/span>\u00a0<span style=\"color: var( --e-global-color-text ); font-family: var( --e-global-typography-text-font-family ), Sans-serif; font-weight: var( --e-global-typography-text-font-weight ); text-align: var(--text-align); font-size: 1rem;\">Wir haben eine einmaligewundersch\u00f6ne exklusive Bar im Schiffslook in der Lounge integriert, an der wir auch zus\u00e4tzlich exklusive Cocktails &amp; Longdrinks zaubern, die ihr sonst an keiner unserer Bars bekommt. Spart euch die langen Wege der Servicekr\u00e4fte und profitiert unmittelbar von einer eigenen Barkraft und bekommt so die schnellsten Cocktails im ganzen Green Mango! Und nat\u00fcrlich geht nix ohne DJ. Daher wird f\u00fcr Euch Xenia Von Sachsen, unsere DJane oder ein langj\u00e4hrig anderer erfahrener DJ des Green Mango die Regler stellen und die Songs einlegen, so dass ihr wirklich entspannt feiern k\u00f6nnt! Es wird Euch an nichts fehlen! Garantiert! Und zur Luft: Klima und Be-wie auch Entl\u00fcftungsanlage werden Euch ein tolles L\u00fcftchen bieten \ud83d\ude09<\/span><\/p><p><strong><span class=\"yellow_hilight\">Zum Preis:<\/span>\u00a0<\/strong>Zu mieten ist der exklusive Partyspa\u00df\u00a0<strong>f\u00fcr nur 55 \u20ac \/ Stunde zzgl. gern \u201eTip\u201c<\/strong>, bei einer Mindestanmietung von vier Stunden und der Mindest-Personenanzahl von 18!<\/p><p><strong><span class=\"yellow_hilight\">Wir empfehlen: <\/span>\u00a0<\/strong>Bucht doch gleich ein auf euch angepasstes\u00a0<a href=\"https:\/\/greenmango24.com\/partypakete-fuer-alle\/#captain_vip\"><span class=\"fusion-highlight dark rounded highlight1\">Partypaket<\/span><\/a>\u00a0\u2026und profitiert von Sonderkonditionen!<\/p>\t\t\t\t\t\t\t\t<\/div>\n\t\t\t\t<\/div>\n\t\t\t\t<\/div>\n\t\t\t\t<\/div>\n\t\t","protected":false},"excerpt":{"rendered":"<p>DIE CAPTAINS VIP-LOUNGE Dein eigenes Karaoke-Reich: die Captains VIP-Lounge! Ihr seid in der schallisolierten Lounge exklusiv untergebracht \u2013 ideal f\u00fcr Gruppen\u00a0zwischen 18 und 40 Personen! Die Captains VIP Lounge ist komplett mit hochwertiger Wandmalerei einer brasilianischen K\u00fcnstlerin versehen. Unsere erstklassige Bar und das integrierte DJ-Pult im Schiffslook versetzt euch endg\u00fcltig in karibische Stimmung.\u00a0Rustikal sch\u00f6ne Lounge- [&hellip;]<\/p>\n","protected":false},"author":1,"featured_media":0,"parent":0,"menu_order":0,"comment_status":"closed","ping_status":"closed","template":"","meta":{"footnotes":""},"class_list":["post-1109","page","type-page","status-publish","hentry"],"_links":{"self":[{"href":"https:\/\/greenmango24.com\/altesmango\/wp-json\/wp\/v2\/pages\/1109","targetHints":{"allow":["GET"]}}],"collection":[{"href":"https:\/\/greenmango24.com\/altesmango\/wp-json\/wp\/v2\/pages"}],"about":[{"href":"https:\/\/greenmango24.com\/altesmango\/wp-json\/wp\/v2\/types\/page"}],"author":[{"embeddable":true,"href":"https:\/\/greenmango24.com\/altesmango\/wp-json\/wp\/v2\/users\/1"}],"replies":[{"embeddable":true,"href":"https:\/\/greenmango24.com\/altesmango\/wp-json\/wp\/v2\/comments?post=1109"}],"version-history":[{"count":10,"href":"https:\/\/greenmango24.com\/altesmango\/wp-json\/wp\/v2\/pages\/1109\/revisions"}],"predecessor-version":[{"id":5034,"href":"https:\/\/greenmango24.com\/altesmango\/wp-json\/wp\/v2\/pages\/1109\/revisions\/5034"}],"wp:attachment":[{"href":"https:\/\/greenmango24.com\/altesmango\/wp-json\/wp\/v2\/media?parent=1109"}],"curies":[{"name":"wp","href":"https:\/\/api.w.org\/{rel}","templated":true}]}}