{"id":1574,"date":"2025-04-01T16:59:33","date_gmt":"2025-04-01T14:59:33","guid":{"rendered":"https:\/\/greenmango24.com\/altesmango\/?page_id=1574"},"modified":"2025-04-02T18:41:37","modified_gmt":"2025-04-02T16:41:37","slug":"buehnen-couches","status":"publish","type":"page","link":"https:\/\/greenmango24.com\/altesmango\/buehnen-couches\/","title":{"rendered":"B\u00fchnen &#8211; Couches"},"content":{"rendered":"\t\t<div data-elementor-type=\"wp-page\" data-elementor-id=\"1574\" class=\"elementor elementor-1574\" data-elementor-post-type=\"page\">\n\t\t\t\t<div class=\"elementor-element elementor-element-e420b1b e-con-full e-flex e-con e-child\" data-id=\"e420b1b\" data-element_type=\"container\" data-settings=\"{&quot;background_background&quot;:&quot;classic&quot;}\">\n\t\t<div class=\"elementor-element elementor-element-28ab1a0 e-flex e-con-boxed e-con e-child\" data-id=\"28ab1a0\" data-element_type=\"container\">\n\t\t\t\t\t<div class=\"e-con-inner\">\n\t\t\t\t<div class=\"elementor-element elementor-element-9a0528a elementor-widget elementor-widget-heading\" data-id=\"9a0528a\" data-element_type=\"widget\" data-widget_type=\"heading.default\">\n\t\t\t\t<div class=\"elementor-widget-container\">\n\t\t\t\t\t<h1 class=\"elementor-heading-title elementor-size-default\"><span style=\"color: #ffffff\">\nVIP-Feeling direkt an der B\u00fchne: \n<\/span> \nPartysofas<\/h1>\t\t\t\t<\/div>\n\t\t\t\t<\/div>\n\t\t\t\t\t<\/div>\n\t\t\t\t<\/div>\n\t\t\t\t<\/div>\n\t\t<div class=\"elementor-element elementor-element-827bcd2 e-con-full e-flex e-con e-parent\" data-id=\"827bcd2\" data-element_type=\"container\">\n\t\t\t\t<div class=\"elementor-element elementor-element-ade79c4 elementor--h-position-center elementor--v-position-middle elementor-arrows-position-inside elementor-pagination-position-inside elementor-widget elementor-widget-slides\" data-id=\"ade79c4\" data-element_type=\"widget\" data-settings=\"{&quot;navigation&quot;:&quot;both&quot;,&quot;autoplay&quot;:&quot;yes&quot;,&quot;pause_on_hover&quot;:&quot;yes&quot;,&quot;pause_on_interaction&quot;:&quot;yes&quot;,&quot;autoplay_speed&quot;:5000,&quot;infinite&quot;:&quot;yes&quot;,&quot;transition&quot;:&quot;slide&quot;,&quot;transition_speed&quot;:500}\" data-widget_type=\"slides.default\">\n\t\t\t\t<div class=\"elementor-widget-container\">\n\t\t\t\t\t\t\t\t\t<div class=\"elementor-swiper\">\n\t\t\t\t\t<div class=\"elementor-slides-wrapper elementor-main-swiper swiper\" role=\"region\" aria-roledescription=\"carousel\" aria-label=\"Slider\" dir=\"ltr\" data-animation=\"fadeInUp\">\n\t\t\t\t<div class=\"swiper-wrapper elementor-slides\">\n\t\t\t\t\t\t\t\t\t\t<div class=\"elementor-repeater-item-0eae215 swiper-slide\" role=\"group\" aria-roledescription=\"slide\"><div class=\"swiper-slide-bg\" role=\"img\"><\/div><div class=\"swiper-slide-inner\" ><div class=\"swiper-slide-contents\"><div class=\"elementor-slide-description\"><span class=\"left-bottom red-slider\"> \nGranini 1\n<\/span>\n\n<span class=\"center-bottom red-slider\"> \nGranini 2\n<\/span>\n\n<span class=\"right-bottom red-slider\"> \nBeverly Cars 1\n<\/span><\/div><\/div><\/div><\/div><div class=\"elementor-repeater-item-62dedad swiper-slide\" role=\"group\" aria-roledescription=\"slide\"><div class=\"swiper-slide-bg\" role=\"img\"><\/div><div class=\"swiper-slide-inner\" ><div class=\"swiper-slide-contents\"><div class=\"elementor-slide-description\"><span class=\"right-bottom2 red-slider\"> \nGranini 1\n<\/span><\/div><\/div><\/div><\/div><div class=\"elementor-repeater-item-4a2b25b swiper-slide\" role=\"group\" aria-roledescription=\"slide\"><div class=\"swiper-slide-bg\" role=\"img\"><\/div><div class=\"swiper-slide-inner\" ><div class=\"swiper-slide-contents\"><div class=\"elementor-slide-description\"><span class=\"left-bottom2 red-slider\"> \nGranini 2\n<\/span><\/div><\/div><\/div><\/div><div class=\"elementor-repeater-item-49f3ca1 swiper-slide\" role=\"group\" aria-roledescription=\"slide\"><div class=\"swiper-slide-bg\" role=\"img\"><\/div><div class=\"swiper-slide-inner\" ><div class=\"swiper-slide-contents\"><div class=\"elementor-slide-description\"><span class=\"left-bottom3 red-slider\"> \nGranini 1\n<\/span>\n\n<span class=\"right-bottom3 red-slider\"> \nGranini 2\n<\/span><\/div><\/div><\/div><\/div><div class=\"elementor-repeater-item-7ad680a swiper-slide\" role=\"group\" aria-roledescription=\"slide\"><div class=\"swiper-slide-bg\" role=\"img\"><\/div><div class=\"swiper-slide-inner\" ><div class=\"swiper-slide-contents\"><div class=\"elementor-slide-description\"><span class=\"left-bottom red-slider\"> \nGranini 1\n<\/span>\n\n<span class=\"center-bottom red-slider\"> \nGranini 2\n<\/span>\n\n<span class=\"right-bottom red-slider\"> \nBeverly Cars 1\n<\/span><\/div><\/div><\/div><\/div><div class=\"elementor-repeater-item-dd35edb swiper-slide\" role=\"group\" aria-roledescription=\"slide\"><div class=\"swiper-slide-bg\" role=\"img\"><\/div><div class=\"swiper-slide-inner\" ><div class=\"swiper-slide-contents\"><div class=\"elementor-slide-description\"><span class=\"left-bottom3 red-slider\"> \nGranini 1\n<\/span>\n\n<span class=\"right-bottom3 red-slider\"> \nGranini 2\n<\/span><\/div><\/div><\/div><\/div><div class=\"elementor-repeater-item-1baa255 swiper-slide\" role=\"group\" aria-roledescription=\"slide\"><div class=\"swiper-slide-bg\" role=\"img\"><\/div><div class=\"swiper-slide-inner\" ><div class=\"swiper-slide-contents\"><div class=\"elementor-slide-description\"><span class=\"center-bottom red-slider\"> \nGranini 1\n<\/span>\n<\/div><\/div><\/div><\/div><div class=\"elementor-repeater-item-7b7f439 swiper-slide\" role=\"group\" aria-roledescription=\"slide\"><div class=\"swiper-slide-bg\" role=\"img\"><\/div><div class=\"swiper-slide-inner\" ><div class=\"swiper-slide-contents\"><div class=\"elementor-slide-description\"><span class=\"center-bottom red-slider\"> \nGranini 2\n<\/span><\/div><\/div><\/div><\/div><div class=\"elementor-repeater-item-b438441 swiper-slide\" role=\"group\" aria-roledescription=\"slide\"><div class=\"swiper-slide-bg\" role=\"img\"><\/div><div class=\"swiper-slide-inner\" ><div class=\"swiper-slide-contents\"><div class=\"elementor-slide-description\"><span class=\"center-bottom red-slider\"> \nGranini 2\n<\/span><\/div><\/div><\/div><\/div>\t\t\t\t<\/div>\n\t\t\t\t\t\t\t\t\t\t\t\t\t\t\t<div class=\"elementor-swiper-button elementor-swiper-button-prev\" role=\"button\" tabindex=\"0\" aria-label=\"Previous slide\">\n\t\t\t\t\t\t\t<svg aria-hidden=\"true\" class=\"e-font-icon-svg e-eicon-chevron-left\" viewBox=\"0 0 1000 1000\" xmlns=\"http:\/\/www.w3.org\/2000\/svg\"><path d=\"M646 125C629 125 613 133 604 142L308 442C296 454 292 471 292 487 292 504 296 521 308 533L604 854C617 867 629 875 646 875 663 875 679 871 692 858 704 846 713 829 713 812 713 796 708 779 692 767L438 487 692 225C700 217 708 204 708 187 708 171 704 154 692 142 675 129 663 125 646 125Z\"><\/path><\/svg>\t\t\t\t\t\t<\/div>\n\t\t\t\t\t\t<div class=\"elementor-swiper-button elementor-swiper-button-next\" role=\"button\" tabindex=\"0\" aria-label=\"Next slide\">\n\t\t\t\t\t\t\t<svg aria-hidden=\"true\" class=\"e-font-icon-svg e-eicon-chevron-right\" viewBox=\"0 0 1000 1000\" xmlns=\"http:\/\/www.w3.org\/2000\/svg\"><path d=\"M696 533C708 521 713 504 713 487 713 471 708 454 696 446L400 146C388 133 375 125 354 125 338 125 325 129 313 142 300 154 292 171 292 187 292 204 296 221 308 233L563 492 304 771C292 783 288 800 288 817 288 833 296 850 308 863 321 871 338 875 354 875 371 875 388 867 400 854L696 533Z\"><\/path><\/svg>\t\t\t\t\t\t<\/div>\n\t\t\t\t\t\t\t\t\t\t\t\t\t\t\t\t<div class=\"swiper-pagination\"><\/div>\n\t\t\t\t\t\t\t\t\t\t\t\t<\/div>\n\t\t\t\t<\/div>\n\t\t\t\t\t\t\t\t<\/div>\n\t\t\t\t<\/div>\n\t\t\t\t<\/div>\n\t\t<div class=\"elementor-element elementor-element-06d5e17 e-con-full e-flex e-con e-parent\" data-id=\"06d5e17\" data-element_type=\"container\">\n\t\t<div class=\"elementor-element elementor-element-838572a e-con-full e-flex e-con e-child\" data-id=\"838572a\" data-element_type=\"container\">\n\t\t\t\t<div class=\"elementor-element elementor-element-96b747a elementor-widget elementor-widget-heading\" data-id=\"96b747a\" data-element_type=\"widget\" data-widget_type=\"heading.default\">\n\t\t\t\t<div class=\"elementor-widget-container\">\n\t\t\t\t\t<h2 class=\"elementor-heading-title elementor-size-default\">Der beste Blick auf die B\u00fchne!<\/h2>\t\t\t\t<\/div>\n\t\t\t\t<\/div>\n\t\t\t\t<\/div>\n\t\t<div class=\"elementor-element elementor-element-f82684f e-con-full e-flex e-con e-child\" data-id=\"f82684f\" data-element_type=\"container\">\n\t\t\t\t<div class=\"elementor-element elementor-element-6a2e79e elementor-widget elementor-widget-text-editor\" data-id=\"6a2e79e\" data-element_type=\"widget\" data-widget_type=\"text-editor.default\">\n\t\t\t\t<div class=\"elementor-widget-container\">\n\t\t\t\t\t\t\t\t\t<h4 class=\"fusion-responsive-typography-calculated\" data-fontsize=\"20\" data-lineheight=\"30px\"><strong>Ihr wollt die besten Pl\u00e4tze des Hauses reservieren und den Green Mango Party-Abend von einem unserer Sofas direkt an der B\u00fchne exklusiv genie\u00dfen?<\/strong><\/h4><h3 class=\"fusion-responsive-typography-calculated\" data-fontsize=\"28\" data-lineheight=\"42px\"><span class=\"orange\"><strong>Kein Problem!<\/strong><br \/><\/span><\/h3>\t\t\t\t\t\t\t\t<\/div>\n\t\t\t\t<\/div>\n\t\t\t\t<\/div>\n\t\t\t\t<\/div>\n\t\t<div class=\"elementor-element elementor-element-a7af0a4 e-con-full e-flex e-con e-parent\" data-id=\"a7af0a4\" data-element_type=\"container\">\n\t\t\t\t<div class=\"elementor-element elementor-element-7e716f0 elementor-widget elementor-widget-text-editor\" data-id=\"7e716f0\" data-element_type=\"widget\" data-widget_type=\"text-editor.default\">\n\t\t\t\t<div class=\"elementor-widget-container\">\n\t\t\t\t\t\t\t\t\tWenn Du Dir eines der begehrten Sofas sichern m\u00f6chtest, sag uns einfach Bescheid. Ab 10 bis max. 15 Personen, gegen eine Geb\u00fchr von pauschal\n\n<span class=\"purple_hilight\">\n15\u00a0\u20ac\u00a0in\u00a0der\u00a0Woche<\/span>\n<span style=\"color: var( --e-global-color-text ); font-family: var( --e-global-typography-text-font-family ), Sans-serif; font-weight: var( --e-global-typography-text-font-weight ); text-align: var(--text-align); font-size: 1rem;\"> und\u00a0<\/span>\n\n<span class=\"purple_hilight\">\n35\u00a0\u20ac\u00a0am\u00a0Wochenende<\/span>\n<span style=\"color: var( --e-global-color-text ); font-family: var( --e-global-typography-text-font-family ), Sans-serif; font-weight: var( --e-global-typography-text-font-weight ); text-align: var(--text-align); font-size: 1rem;\">\u00a0(Freitag, Samstag) habt Ihr das Sofa sicher, sofern nicht schon jemand anders schneller war\u2026<\/span>\n<br><br>\nSollte niemand reservieren, werden die Sofas auf gut Gl\u00fcck vergeben und Euch entstehen nat\u00fcrlich keine Kosten!\t\t\t\t\t\t\t\t<\/div>\n\t\t\t\t<\/div>\n\t\t\t\t<\/div>\n\t\t\t\t<\/div>\n\t\t","protected":false},"excerpt":{"rendered":"<p>VIP-Feeling direkt an der B\u00fchne: Partysofas Granini 1 Granini 2 Beverly Cars 1 Granini 1 Granini 2 Granini 1 Granini 2 Granini 1 Granini 2 Beverly Cars 1 Granini 1 Granini 2 Granini 1 Granini 2 Granini 2 Der beste Blick auf die B\u00fchne! Ihr wollt die besten Pl\u00e4tze des Hauses reservieren und den Green [&hellip;]<\/p>\n","protected":false},"author":1,"featured_media":0,"parent":0,"menu_order":0,"comment_status":"closed","ping_status":"closed","template":"","meta":{"footnotes":""},"class_list":["post-1574","page","type-page","status-publish","hentry"],"_links":{"self":[{"href":"https:\/\/greenmango24.com\/altesmango\/wp-json\/wp\/v2\/pages\/1574","targetHints":{"allow":["GET"]}}],"collection":[{"href":"https:\/\/greenmango24.com\/altesmango\/wp-json\/wp\/v2\/pages"}],"about":[{"href":"https:\/\/greenmango24.com\/altesmango\/wp-json\/wp\/v2\/types\/page"}],"author":[{"embeddable":true,"href":"https:\/\/greenmango24.com\/altesmango\/wp-json\/wp\/v2\/users\/1"}],"replies":[{"embeddable":true,"href":"https:\/\/greenmango24.com\/altesmango\/wp-json\/wp\/v2\/comments?post=1574"}],"version-history":[{"count":10,"href":"https:\/\/greenmango24.com\/altesmango\/wp-json\/wp\/v2\/pages\/1574\/revisions"}],"predecessor-version":[{"id":1716,"href":"https:\/\/greenmango24.com\/altesmango\/wp-json\/wp\/v2\/pages\/1574\/revisions\/1716"}],"wp:attachment":[{"href":"https:\/\/greenmango24.com\/altesmango\/wp-json\/wp\/v2\/media?parent=1574"}],"curies":[{"name":"wp","href":"https:\/\/api.w.org\/{rel}","templated":true}]}}