{"id":1717,"date":"2025-04-02T21:36:43","date_gmt":"2025-04-02T19:36:43","guid":{"rendered":"https:\/\/greenmango24.com\/altesmango\/?page_id=1717"},"modified":"2025-04-02T22:30:39","modified_gmt":"2025-04-02T20:30:39","slug":"limousinen-service","status":"publish","type":"page","link":"https:\/\/greenmango24.com\/altesmango\/limousinen-service\/","title":{"rendered":"Limousinen Service"},"content":{"rendered":"\t\t<div data-elementor-type=\"wp-page\" data-elementor-id=\"1717\" class=\"elementor elementor-1717\" data-elementor-post-type=\"page\">\n\t\t\t\t<div class=\"elementor-element elementor-element-a783a97 e-con-full e-flex e-con e-child\" data-id=\"a783a97\" data-element_type=\"container\" data-settings=\"{&quot;background_background&quot;:&quot;classic&quot;}\">\n\t\t<div class=\"elementor-element elementor-element-93ce3a4 e-flex e-con-boxed e-con e-child\" data-id=\"93ce3a4\" data-element_type=\"container\">\n\t\t\t\t\t<div class=\"e-con-inner\">\n\t\t\t\t<div class=\"elementor-element elementor-element-de8773d elementor-widget elementor-widget-heading\" data-id=\"de8773d\" data-element_type=\"widget\" data-widget_type=\"heading.default\">\n\t\t\t\t<div class=\"elementor-widget-container\">\n\t\t\t\t\t<h1 class=\"elementor-heading-title elementor-size-default\">LIMOUSINEN \n<span style=\"color: #ffffff\">\nSERVICE\n<\/span> \n<\/h1>\t\t\t\t<\/div>\n\t\t\t\t<\/div>\n\t\t\t\t\t<\/div>\n\t\t\t\t<\/div>\n\t\t\t\t<\/div>\n\t\t<div class=\"elementor-element elementor-element-7979c4d e-con-full e-flex e-con e-parent\" data-id=\"7979c4d\" data-element_type=\"container\">\n\t\t<div class=\"elementor-element elementor-element-a0d2993 e-con-full e-flex e-con e-child\" data-id=\"a0d2993\" data-element_type=\"container\">\n\t\t\t\t<div class=\"elementor-element elementor-element-1a5f35f elementor-widget elementor-widget-image\" data-id=\"1a5f35f\" data-element_type=\"widget\" data-widget_type=\"image.default\">\n\t\t\t\t<div class=\"elementor-widget-container\">\n\t\t\t\t\t\t\t\t\t\t\t\t\t\t\t\t<a href=\"http:\/\/old.greenmango24.de\/wp-content\/uploads\/2025\/04\/limousine-service.jpg\" data-elementor-open-lightbox=\"yes\" data-elementor-lightbox-title=\"limousine-service\" data-e-action-hash=\"#elementor-action%3Aaction%3Dlightbox%26settings%3DeyJpZCI6MTcyOSwidXJsIjoiaHR0cHM6XC9cL2dyZWVubWFuZ28yNC5jb21cL2FsdGVzbWFuZ29cL3dwLWNvbnRlbnRcL3VwbG9hZHNcLzIwMjVcLzA0XC9saW1vdXNpbmUtc2VydmljZS5qcGcifQ%3D%3D\">\n\t\t\t\t\t\t\t<img fetchpriority=\"high\" decoding=\"async\" width=\"700\" height=\"438\" src=\"https:\/\/greenmango24.com\/altesmango\/wp-content\/uploads\/2025\/04\/limousine-service.jpg\" class=\"attachment-large size-large wp-image-1729\" alt=\"\" srcset=\"https:\/\/greenmango24.com\/altesmango\/wp-content\/uploads\/2025\/04\/limousine-service.jpg 700w, https:\/\/greenmango24.com\/altesmango\/wp-content\/uploads\/2025\/04\/limousine-service-300x188.jpg 300w\" sizes=\"(max-width: 700px) 100vw, 700px\" \/>\t\t\t\t\t\t\t\t<\/a>\n\t\t\t\t\t\t\t\t\t\t\t\t\t\t\t<\/div>\n\t\t\t\t<\/div>\n\t\t\t\t<\/div>\n\t\t<div class=\"elementor-element elementor-element-f900d44 e-con-full e-flex e-con e-child\" data-id=\"f900d44\" data-element_type=\"container\">\n\t\t\t\t<div class=\"elementor-element elementor-element-40be616 elementor-widget elementor-widget-heading\" data-id=\"40be616\" data-element_type=\"widget\" data-widget_type=\"heading.default\">\n\t\t\t\t<div class=\"elementor-widget-container\">\n\t\t\t\t\t<h2 class=\"elementor-heading-title elementor-size-default\">Veredelt euren Abend und fahrt mit einer Mega Stretch-Limousine im Green Mango vor oder lasst euch f\u00fcr die Heimfahrt abholen!<\/h2>\t\t\t\t<\/div>\n\t\t\t\t<\/div>\n\t\t\t\t<\/div>\n\t\t\t\t<\/div>\n\t\t<div class=\"elementor-element elementor-element-c7aff55 e-con-full e-flex e-con e-parent\" data-id=\"c7aff55\" data-element_type=\"container\">\n\t\t\t\t<div class=\"elementor-element elementor-element-4057538 elementor-widget elementor-widget-text-editor\" data-id=\"4057538\" data-element_type=\"widget\" data-widget_type=\"text-editor.default\">\n\t\t\t\t<div class=\"elementor-widget-container\">\n\t\t\t\t\t\t\t\t\tWir kooperieren mit den Top-Unternehmen der Stadt und organisieren f\u00fcr euren Anlass den perfekten Service!\t\t\t\t\t\t\t\t<\/div>\n\t\t\t\t<\/div>\n\t\t\t\t<\/div>\n\t\t<div class=\"elementor-element elementor-element-3488961 e-con-full e-flex e-con e-parent\" data-id=\"3488961\" data-element_type=\"container\">\n\t\t\t\t<div class=\"elementor-element elementor-element-8bfd9b6 inner_anchor elementor-widget elementor-widget-text-editor\" data-id=\"8bfd9b6\" data-element_type=\"widget\" data-widget_type=\"text-editor.default\">\n\t\t\t\t<div class=\"elementor-widget-container\">\n\t\t\t\t\t\t\t\t\t<h4 class=\"fusion-responsive-typography-calculated\" data-fontsize=\"20\" data-lineheight=\"30px\">Unserer Fahrer holt euch von zu Hause ab und empf\u00e4ngt euch standesgem\u00e4\u00df. W\u00e4hrend der Stunde Fahrtzeit, tourt ihr mitten durch Berlin, trinkt ein Glas Sekt und steuert die sch\u00f6nsten Sehensw\u00fcrdigkeiten der Stadt an. Einmal am Brandenburger Tor gehalten, ein Erinnerungsfoto f\u00fcr die Ewigkeit geschossen und weiter geht\u2019s ins Green Mango!<\/h4><p>Dort angekommen, feiert ihr in Europas gr\u00f6\u00dfter Karaoke- und Erlebnisbar einen unvergesslichen Abend und auf Wunsch, steht am Ende unser Fahrer wieder f\u00fcr euch bereit. \u2028\u2028Die Limousinen sind immer f\u00fcr bis zu 8 Personen ausgestattet, solltet ihr mehr werden, haben unserer Mitarbeiter immer eine passende L\u00f6sung f\u00fcr euch parat. Sei es eine zweite Limousine oder ein Begleitfahrzeug \u2013 wir k\u00fcmmern uns um euch!<\/p><p><span class=\"fusion-highlight light highlight1\"><strong><span class=\"yellow_hilight\">Wir empfehlen:<\/span>\u00a0<\/strong><\/span>Bucht doch gleich ein auf euch angepasstes\u00a0<a href=\"https:\/\/greenmango24.com\/partypakete\/\"><span class=\"fusion-highlight dark rounded highlight1\">Partypaket<\/span><\/a>\u00a0inkl. Limousine, Eintritt in das Green Mango, Songaufnahme, diversen Getr\u00e4nkespecials \u2026 und profitiert von Sonderkonditionen!<\/p><p>F\u00fcr mehr Informationen, ruft einfach unsere Kollegen im B\u00fcro an und lasst euch individuell und kompetent beraten!\u00a0<a href=\"tel: 03075637393\"><span class=\"fusion-highlight dark rounded highlight1\">030 \u2013 75 63 73 93<\/span><\/a><\/p>\t\t\t\t\t\t\t\t<\/div>\n\t\t\t\t<\/div>\n\t\t\t\t<\/div>\n\t\t\t\t<\/div>\n\t\t","protected":false},"excerpt":{"rendered":"<p>LIMOUSINEN SERVICE Veredelt euren Abend und fahrt mit einer Mega Stretch-Limousine im Green Mango vor oder lasst euch f\u00fcr die Heimfahrt abholen! Wir kooperieren mit den Top-Unternehmen der Stadt und organisieren f\u00fcr euren Anlass den perfekten Service! Unserer Fahrer holt euch von zu Hause ab und empf\u00e4ngt euch standesgem\u00e4\u00df. W\u00e4hrend der Stunde Fahrtzeit, tourt ihr [&hellip;]<\/p>\n","protected":false},"author":1,"featured_media":0,"parent":0,"menu_order":0,"comment_status":"closed","ping_status":"closed","template":"","meta":{"footnotes":""},"class_list":["post-1717","page","type-page","status-publish","hentry"],"_links":{"self":[{"href":"https:\/\/greenmango24.com\/altesmango\/wp-json\/wp\/v2\/pages\/1717","targetHints":{"allow":["GET"]}}],"collection":[{"href":"https:\/\/greenmango24.com\/altesmango\/wp-json\/wp\/v2\/pages"}],"about":[{"href":"https:\/\/greenmango24.com\/altesmango\/wp-json\/wp\/v2\/types\/page"}],"author":[{"embeddable":true,"href":"https:\/\/greenmango24.com\/altesmango\/wp-json\/wp\/v2\/users\/1"}],"replies":[{"embeddable":true,"href":"https:\/\/greenmango24.com\/altesmango\/wp-json\/wp\/v2\/comments?post=1717"}],"version-history":[{"count":10,"href":"https:\/\/greenmango24.com\/altesmango\/wp-json\/wp\/v2\/pages\/1717\/revisions"}],"predecessor-version":[{"id":1796,"href":"https:\/\/greenmango24.com\/altesmango\/wp-json\/wp\/v2\/pages\/1717\/revisions\/1796"}],"wp:attachment":[{"href":"https:\/\/greenmango24.com\/altesmango\/wp-json\/wp\/v2\/media?parent=1717"}],"curies":[{"name":"wp","href":"https:\/\/api.w.org\/{rel}","templated":true}]}}