{"id":2194,"date":"2025-04-07T00:22:55","date_gmt":"2025-04-06T22:22:55","guid":{"rendered":"https:\/\/greenmango24.com\/altesmango\/?page_id=2194"},"modified":"2025-04-07T00:40:20","modified_gmt":"2025-04-06T22:40:20","slug":"deine-google-bewertung","status":"publish","type":"page","link":"https:\/\/greenmango24.com\/altesmango\/deine-google-bewertung\/","title":{"rendered":"Deine Google Bewertung"},"content":{"rendered":"\t\t<div data-elementor-type=\"wp-page\" data-elementor-id=\"2194\" class=\"elementor elementor-2194\" data-elementor-post-type=\"page\">\n\t\t\t\t<div class=\"elementor-element elementor-element-372c8b9 e-con-full e-flex e-con e-child\" data-id=\"372c8b9\" data-element_type=\"container\" data-settings=\"{&quot;background_background&quot;:&quot;classic&quot;}\">\n\t\t<div class=\"elementor-element elementor-element-4e6f232 e-flex e-con-boxed e-con e-child\" data-id=\"4e6f232\" data-element_type=\"container\">\n\t\t\t\t\t<div class=\"e-con-inner\">\n\t\t\t\t<div class=\"elementor-element elementor-element-8d10a9e elementor-widget elementor-widget-heading\" data-id=\"8d10a9e\" data-element_type=\"widget\" data-widget_type=\"heading.default\">\n\t\t\t\t<div class=\"elementor-widget-container\">\n\t\t\t\t\t<h1 class=\"elementor-heading-title elementor-size-default\">GOOGLE\n<span style=\"color: #ffffff\">\nBEWERTUNGEN\n<\/span> \n<\/h1>\t\t\t\t<\/div>\n\t\t\t\t<\/div>\n\t\t\t\t\t<\/div>\n\t\t\t\t<\/div>\n\t\t\t\t<\/div>\n\t\t<div class=\"elementor-element elementor-element-c56c664 e-con-full layout1 e-flex e-con e-parent\" data-id=\"c56c664\" data-element_type=\"container\">\n\t\t<div class=\"elementor-element elementor-element-d0ab368 e-con-full e-flex e-con e-child\" data-id=\"d0ab368\" data-element_type=\"container\">\n\t\t\t\t<div class=\"elementor-element elementor-element-3b7e849 elementor-widget elementor-widget-image\" data-id=\"3b7e849\" data-element_type=\"widget\" data-widget_type=\"image.default\">\n\t\t\t\t<div class=\"elementor-widget-container\">\n\t\t\t\t\t\t\t\t\t\t\t\t\t\t\t\t<a href=\"https:\/\/www.google.de\/search?ei=mFJeWpyMJcWCgAbdsLyABg&#038;q=karaoke%20bar%20berlin&#038;oq=karaoke+bar+berlin&#038;gs_l=psy-ab.3..0i7i30i19k1l3j0i30i19k1l7.14183.17254.0.17470.12.8.4.0.0.0.155.840.0j7.7.0....0...1c.1.64.psy-ab..1.10.753...0i7i30k1j0i7i10i30k1j0i8i7i30k1j0i8i30k1j0i13k1j0i13i30k1.0.WHHHXqgdxz8&#038;npsic=0&#038;rflfq=1&#038;rlha=0&#038;rllag=52515432,13391087,2763&#038;tbm=lcl&#038;rldimm=4195290217798931603&#038;ved=0ahUKEwjPh8aHnN3YAhWCC8AKHZYDDQ0QvS4IRTAA&#038;rldoc=1&#038;tbs=lrf:!2m1!1e2!2m1!1e3!3sIAE,lf:1,lf_ui:9\/#rlfi=hd:;si:4195290217798931603;mv:%5B%5B52.5548122,13.4643717%5D,%5B52.4653851,13.245929000000002%5D%5D;tbs:lrf:!2m1!1e2!2m1!1e3!3sIAE,lf:1,lf_ui:9\" target=\"_blank\">\n\t\t\t\t\t\t\t<img fetchpriority=\"high\" decoding=\"async\" width=\"800\" height=\"600\" src=\"https:\/\/greenmango24.com\/altesmango\/wp-content\/uploads\/2025\/04\/Googlebewertung_GM_Google.jpg\" class=\"elementor-animation-grow attachment-large size-large wp-image-2203\" alt=\"\" srcset=\"https:\/\/greenmango24.com\/altesmango\/wp-content\/uploads\/2025\/04\/Googlebewertung_GM_Google.jpg 800w, https:\/\/greenmango24.com\/altesmango\/wp-content\/uploads\/2025\/04\/Googlebewertung_GM_Google-300x225.jpg 300w, https:\/\/greenmango24.com\/altesmango\/wp-content\/uploads\/2025\/04\/Googlebewertung_GM_Google-768x576.jpg 768w\" sizes=\"(max-width: 800px) 100vw, 800px\" \/>\t\t\t\t\t\t\t\t<\/a>\n\t\t\t\t\t\t\t\t\t\t\t\t\t\t\t<\/div>\n\t\t\t\t<\/div>\n\t\t\t\t<\/div>\n\t\t<div class=\"elementor-element elementor-element-abc0bb7 e-con-full e-flex e-con e-child\" data-id=\"abc0bb7\" data-element_type=\"container\">\n\t\t\t\t<div class=\"elementor-element elementor-element-66b57d7 ma elementor-widget elementor-widget-text-editor\" data-id=\"66b57d7\" data-element_type=\"widget\" data-widget_type=\"text-editor.default\">\n\t\t\t\t<div class=\"elementor-widget-container\">\n\t\t\t\t\t\t\t\t\t<div>Warum eine Google Bewertung wichtig f\u00fcr uns ist:<\/div><div>\u00a0<\/div><div>Zu oft spricht man mehr \u00fcber negative Erlebnisse als die positiven im Leben.<\/div><div><div class=\"fusion-text fusion-text-2\"><p>Wir finden, dass es doch viel sch\u00f6ner ist auch mal von seinen positiven Impressionen zu berichten. Auch ist das existentiell von tragender Bedeutung f\u00fcr Unternehmen \u2013 folglich auch f\u00fcr uns!<\/p><p>Wenn Euch Green Mango gef\u00e4llt, w\u00fcrden wir uns demnach riesig freuen, wenn Ihr der Welt einmal Eure Eindr\u00fccke schildert.<br \/>Bewertet uns doch daher einmal auf Google. Wir sind \u00fcber jedes Feedback sehr dankbar.<\/p><p><a id=\"google-link\" href=\"https:\/\/www.google.de\/search?ei=mFJeWpyMJcWCgAbdsLyABg&amp;q=karaoke%20bar%20berlin&amp;oq=karaoke+bar+berlin&amp;gs_l=psy-ab.3..0i7i30i19k1l3j0i30i19k1l7.14183.17254.0.17470.12.8.4.0.0.0.155.840.0j7.7.0....0...1c.1.64.psy-ab..1.10.753...0i7i30k1j0i7i10i30k1j0i8i7i30k1j0i8i30k1j0i13k1j0i13i30k1.0.WHHHXqgdxz8&amp;npsic=0&amp;rflfq=1&amp;rlha=0&amp;rllag=52515432,13391087,2763&amp;tbm=lcl&amp;rldimm=4195290217798931603&amp;ved=0ahUKEwjPh8aHnN3YAhWCC8AKHZYDDQ0QvS4IRTAA&amp;rldoc=1&amp;tbs=lrf:!2m1!1e2!2m1!1e3!3sIAE,lf:1,lf_ui:9#rlfi=hd:;si:4195290217798931603;mv:!1m3!1d53940.314118126924!2d13.37750985!3d52.500276500000005!2m3!1f0!2f0!3f0!3m2!1i506!2i533!4f13.1;tbs:lrf:!2m1!1e2!2m1!1e3!3sIAE,lf:1,lf_ui:9\" target=\"_blank\" rel=\"noopener\"><img decoding=\"async\" src=\"https:\/\/greenmango24.com\/wp-content\/uploads\/2017\/03\/Google_2015_logo.jpg\" alt=\"Google_2015_logo_90x34\" width=\"90\" height=\"34\" \/><\/a><\/p><\/div><div class=\"fusion-text fusion-text-3\"><p>Und falls ihr doch einmal irgendetwas erlebt habt, was euch pers\u00f6nlich frustriert hat, so reagiert nicht sofort mit einer \u00f6ffentlichen Beschwerde, die vielleicht doch sich anders als gedacht darstellt, sondern wendet Euch zun\u00e4chst an das Organisationsb\u00fcro des Green Mango. Vielleicht ist alles leichter l\u00f6sbar und erkl\u00e4rbar als man denkt und der Frust wandelt sich in Motivation \ud83d\ude09<\/p><\/div><\/div>\t\t\t\t\t\t\t\t<\/div>\n\t\t\t\t<\/div>\n\t\t\t\t<\/div>\n\t\t\t\t<\/div>\n\t\t\t\t<\/div>\n\t\t","protected":false},"excerpt":{"rendered":"<p>GOOGLE BEWERTUNGEN Warum eine Google Bewertung wichtig f\u00fcr uns ist:\u00a0Zu oft spricht man mehr \u00fcber negative Erlebnisse als die positiven im Leben. Wir finden, dass es doch viel sch\u00f6ner ist auch mal von seinen positiven Impressionen zu berichten. Auch ist das existentiell von tragender Bedeutung f\u00fcr Unternehmen \u2013 folglich auch f\u00fcr uns! Wenn Euch Green [&hellip;]<\/p>\n","protected":false},"author":1,"featured_media":0,"parent":0,"menu_order":0,"comment_status":"closed","ping_status":"closed","template":"","meta":{"footnotes":""},"class_list":["post-2194","page","type-page","status-publish","hentry"],"_links":{"self":[{"href":"https:\/\/greenmango24.com\/altesmango\/wp-json\/wp\/v2\/pages\/2194","targetHints":{"allow":["GET"]}}],"collection":[{"href":"https:\/\/greenmango24.com\/altesmango\/wp-json\/wp\/v2\/pages"}],"about":[{"href":"https:\/\/greenmango24.com\/altesmango\/wp-json\/wp\/v2\/types\/page"}],"author":[{"embeddable":true,"href":"https:\/\/greenmango24.com\/altesmango\/wp-json\/wp\/v2\/users\/1"}],"replies":[{"embeddable":true,"href":"https:\/\/greenmango24.com\/altesmango\/wp-json\/wp\/v2\/comments?post=2194"}],"version-history":[{"count":10,"href":"https:\/\/greenmango24.com\/altesmango\/wp-json\/wp\/v2\/pages\/2194\/revisions"}],"predecessor-version":[{"id":2258,"href":"https:\/\/greenmango24.com\/altesmango\/wp-json\/wp\/v2\/pages\/2194\/revisions\/2258"}],"wp:attachment":[{"href":"https:\/\/greenmango24.com\/altesmango\/wp-json\/wp\/v2\/media?parent=2194"}],"curies":[{"name":"wp","href":"https:\/\/api.w.org\/{rel}","templated":true}]}}