{"id":345,"date":"2025-03-11T13:28:30","date_gmt":"2025-03-11T12:28:30","guid":{"rendered":"https:\/\/greenmango24.com\/altesmango\/?page_id=345"},"modified":"2025-03-11T15:08:15","modified_gmt":"2025-03-11T14:08:15","slug":"green-mango-karaokes-wiesn","status":"publish","type":"page","link":"https:\/\/greenmango24.com\/altesmango\/green-mango-karaokes-wiesn\/","title":{"rendered":"Green Mango Karaoke\u00b4s Wiesn"},"content":{"rendered":"\t\t<div data-elementor-type=\"wp-page\" data-elementor-id=\"345\" class=\"elementor elementor-345\" data-elementor-post-type=\"page\">\n\t\t\t\t<div class=\"elementor-element elementor-element-b4ea50c e-con-full e-flex e-con e-parent\" data-id=\"b4ea50c\" data-element_type=\"container\" data-settings=\"{&quot;background_background&quot;:&quot;classic&quot;}\">\n\t\t<div class=\"elementor-element elementor-element-b50ee37 e-flex e-con-boxed e-con e-child\" data-id=\"b50ee37\" data-element_type=\"container\">\n\t\t\t\t\t<div class=\"e-con-inner\">\n\t\t\t\t<div class=\"elementor-element elementor-element-4f64e89 elementor-widget elementor-widget-heading\" data-id=\"4f64e89\" data-element_type=\"widget\" data-widget_type=\"heading.default\">\n\t\t\t\t<div class=\"elementor-widget-container\">\n\t\t\t\t\t<h1 class=\"elementor-heading-title elementor-size-default\">GREEN MANGO <span style=\"color: #ffffff\">KARAOKE\u00b4S WIESN<\/h1>\t\t\t\t<\/div>\n\t\t\t\t<\/div>\n\t\t\t\t\t<\/div>\n\t\t\t\t<\/div>\n\t\t\t\t<\/div>\n\t\t<div class=\"elementor-element elementor-element-08f057d e-con-full e-flex e-con e-parent\" data-id=\"08f057d\" data-element_type=\"container\" data-settings=\"{&quot;background_background&quot;:&quot;classic&quot;}\">\n\t\t<div class=\"elementor-element elementor-element-2426410 e-flex e-con-boxed e-con e-child\" data-id=\"2426410\" data-element_type=\"container\">\n\t\t\t\t\t<div class=\"e-con-inner\">\n\t\t<div class=\"elementor-element elementor-element-02ca476 e-con-full Karaoke_Wiesn_first_sec_left e-flex e-con e-child\" data-id=\"02ca476\" data-element_type=\"container\">\n\t\t\t\t<div class=\"elementor-element elementor-element-56b7d43 elementor-widget elementor-widget-image\" data-id=\"56b7d43\" data-element_type=\"widget\" data-widget_type=\"image.default\">\n\t\t\t\t<div class=\"elementor-widget-container\">\n\t\t\t\t\t\t\t\t\t\t\t\t\t\t\t<img fetchpriority=\"high\" decoding=\"async\" width=\"500\" height=\"707\" src=\"https:\/\/greenmango24.com\/altesmango\/wp-content\/uploads\/2025\/03\/A3_Plakat_Oktoberfest_2018.jpg\" class=\"attachment-full size-full wp-image-353\" alt=\"\" srcset=\"https:\/\/greenmango24.com\/altesmango\/wp-content\/uploads\/2025\/03\/A3_Plakat_Oktoberfest_2018.jpg 500w, https:\/\/greenmango24.com\/altesmango\/wp-content\/uploads\/2025\/03\/A3_Plakat_Oktoberfest_2018-212x300.jpg 212w\" sizes=\"(max-width: 500px) 100vw, 500px\" \/>\t\t\t\t\t\t\t\t\t\t\t\t\t\t\t<\/div>\n\t\t\t\t<\/div>\n\t\t\t\t<\/div>\n\t\t<div class=\"elementor-element elementor-element-1371966 e-con-full e-flex e-con e-child\" data-id=\"1371966\" data-element_type=\"container\">\n\t\t\t\t<div class=\"elementor-element elementor-element-612bca5 elementor-widget elementor-widget-heading\" data-id=\"612bca5\" data-element_type=\"widget\" data-widget_type=\"heading.default\">\n\t\t\t\t<div class=\"elementor-widget-container\">\n\t\t\t\t\t<h2 class=\"elementor-heading-title elementor-size-default\">Oktoberfest kann jeder! Karaokewiesn kann nur das Green Mango!<\/h2>\t\t\t\t<\/div>\n\t\t\t\t<\/div>\n\t\t\t\t<div class=\"elementor-element elementor-element-6e6ec88 elementor-widget elementor-widget-heading\" data-id=\"6e6ec88\" data-element_type=\"widget\" data-widget_type=\"heading.default\">\n\t\t\t\t<div class=\"elementor-widget-container\">\n\t\t\t\t\t<h3 class=\"elementor-heading-title elementor-size-default\">Fesche Madln und Buam,<\/h3>\t\t\t\t<\/div>\n\t\t\t\t<\/div>\n\t\t\t\t<div class=\"elementor-element elementor-element-3991fad elementor-widget elementor-widget-text-editor\" data-id=\"3991fad\" data-element_type=\"widget\" data-widget_type=\"text-editor.default\">\n\t\t\t\t<div class=\"elementor-widget-container\">\n\t\t\t\t\t\t\t\t\tes wird Zeit das Dirndl und die Lederhose aus dem Schrank zu holen, denn Europas gr\u00f6\u00dfte Karaoke- und Erlebnisbar l\u00e4dt zu einem Oktoberfestwochenende der besonderen Art!\t\t\t\t\t\t\t\t<\/div>\n\t\t\t\t<\/div>\n\t\t\t\t<div class=\"elementor-element elementor-element-79e0962 elementor-widget elementor-widget-text-editor\" data-id=\"79e0962\" data-element_type=\"widget\" data-widget_type=\"text-editor.default\">\n\t\t\t\t<div class=\"elementor-widget-container\">\n\t\t\t\t\t\t\t\t\tWir machen EUCH zur Blaskapelle, denn bei uns seid IHR der Star! Karaoke die ganze Nacht und das alles im Wiesn-Look!\n\nUnser Schmankerl-Koch \u00fcbernimmt komplett die K\u00fcche und serviert euch Leckere Speisen wie Leberkn\u00f6delsuppe, Wei\u00dfw\u00fcrste, Brezn, Leberkas und vieles mehr! Das Ganze sp\u00fclt ihr dann mit einem frisch gezapften, original bayerischen Oktoberfestbier im Ma\u00dfkrug die Kehle runter.\n\nEin Prosit der Gem\u00fctlichkeit!\t\t\t\t\t\t\t\t<\/div>\n\t\t\t\t<\/div>\n\t\t\t\t<\/div>\n\t\t\t\t\t<\/div>\n\t\t\t\t<\/div>\n\t\t\t\t<\/div>\n\t\t<div class=\"elementor-element elementor-element-6785380 e-con-full e-flex e-con e-parent\" data-id=\"6785380\" data-element_type=\"container\" data-settings=\"{&quot;background_background&quot;:&quot;classic&quot;}\">\n\t\t<div class=\"elementor-element elementor-element-e6be2f3 e-flex e-con-boxed e-con e-child\" data-id=\"e6be2f3\" data-element_type=\"container\">\n\t\t\t\t\t<div class=\"e-con-inner\">\n\t\t\t\t<div class=\"elementor-element elementor-element-2c57e38 elementor-widget elementor-widget-heading\" data-id=\"2c57e38\" data-element_type=\"widget\" data-widget_type=\"heading.default\">\n\t\t\t\t<div class=\"elementor-widget-container\">\n\t\t\t\t\t<h2 class=\"elementor-heading-title elementor-size-default\"><a href=\"\/reservierung\/\">## Reserviert schnell eure Tickets! ##<\/a><\/h2>\t\t\t\t<\/div>\n\t\t\t\t<\/div>\n\t\t\t\t\t<\/div>\n\t\t\t\t<\/div>\n\t\t\t\t<\/div>\n\t\t<div class=\"elementor-element elementor-element-b12531a e-con-full e-flex e-con e-parent\" data-id=\"b12531a\" data-element_type=\"container\" data-settings=\"{&quot;background_background&quot;:&quot;classic&quot;}\">\n\t\t<div class=\"elementor-element elementor-element-5fe89df e-flex e-con-boxed e-con e-child\" data-id=\"5fe89df\" data-element_type=\"container\">\n\t\t\t\t\t<div class=\"e-con-inner\">\n\t\t\t\t<div class=\"elementor-element elementor-element-494cdd8 elementor-widget elementor-widget-text-editor\" data-id=\"494cdd8\" data-element_type=\"widget\" data-widget_type=\"text-editor.default\">\n\t\t\t\t<div class=\"elementor-widget-container\">\n\t\t\t\t\t\t\t\t\tRegul\u00e4rer Spa\u00dfbeitrag: 7\u20ac (inkl. Garderobe)\t\t\t\t\t\t\t\t<\/div>\n\t\t\t\t<\/div>\n\t\t\t\t\t<\/div>\n\t\t\t\t<\/div>\n\t\t\t\t<\/div>\n\t\t<div class=\"elementor-element elementor-element-9666383 e-con-full e-flex e-con e-parent\" data-id=\"9666383\" data-element_type=\"container\" data-settings=\"{&quot;background_background&quot;:&quot;classic&quot;}\">\n\t\t<div class=\"elementor-element elementor-element-fd71d7b e-flex e-con-boxed e-con e-child\" data-id=\"fd71d7b\" data-element_type=\"container\">\n\t\t\t\t\t<div class=\"e-con-inner\">\n\t\t\t\t<div class=\"elementor-element elementor-element-a0e396a elementor-widget elementor-widget-heading\" data-id=\"a0e396a\" data-element_type=\"widget\" data-widget_type=\"heading.default\">\n\t\t\t\t<div class=\"elementor-widget-container\">\n\t\t\t\t\t<h2 class=\"elementor-heading-title elementor-size-default\">Reserviert<br>\ntelefonisch unter:<\/h2>\t\t\t\t<\/div>\n\t\t\t\t<\/div>\n\t\t\t\t<div class=\"elementor-element elementor-element-57f21f6 elementor-widget elementor-widget-button\" data-id=\"57f21f6\" data-element_type=\"widget\" data-widget_type=\"button.default\">\n\t\t\t\t<div class=\"elementor-widget-container\">\n\t\t\t\t\t\t\t\t\t<div class=\"elementor-button-wrapper\">\n\t\t\t\t\t<a class=\"elementor-button elementor-button-link elementor-size-sm\" href=\"tel:%2003075637393\">\n\t\t\t\t\t\t<span class=\"elementor-button-content-wrapper\">\n\t\t\t\t\t\t\t\t\t<span class=\"elementor-button-text\">030 \u2013 75 63 73 93<\/span>\n\t\t\t\t\t<\/span>\n\t\t\t\t\t<\/a>\n\t\t\t\t<\/div>\n\t\t\t\t\t\t\t\t<\/div>\n\t\t\t\t<\/div>\n\t\t\t\t\t<\/div>\n\t\t\t\t<\/div>\n\t\t\t\t<\/div>\n\t\t\t\t<\/div>\n\t\t","protected":false},"excerpt":{"rendered":"<p>GREEN MANGO KARAOKE\u00b4S WIESN Oktoberfest kann jeder! Karaokewiesn kann nur das Green Mango! Fesche Madln und Buam, es wird Zeit das Dirndl und die Lederhose aus dem Schrank zu holen, denn Europas gr\u00f6\u00dfte Karaoke- und Erlebnisbar l\u00e4dt zu einem Oktoberfestwochenende der besonderen Art!Wir machen EUCH zur Blaskapelle, denn bei uns seid IHR der Star! Karaoke [&hellip;]<\/p>\n","protected":false},"author":1,"featured_media":0,"parent":0,"menu_order":0,"comment_status":"closed","ping_status":"closed","template":"","meta":{"footnotes":""},"class_list":["post-345","page","type-page","status-publish","hentry"],"_links":{"self":[{"href":"https:\/\/greenmango24.com\/altesmango\/wp-json\/wp\/v2\/pages\/345","targetHints":{"allow":["GET"]}}],"collection":[{"href":"https:\/\/greenmango24.com\/altesmango\/wp-json\/wp\/v2\/pages"}],"about":[{"href":"https:\/\/greenmango24.com\/altesmango\/wp-json\/wp\/v2\/types\/page"}],"author":[{"embeddable":true,"href":"https:\/\/greenmango24.com\/altesmango\/wp-json\/wp\/v2\/users\/1"}],"replies":[{"embeddable":true,"href":"https:\/\/greenmango24.com\/altesmango\/wp-json\/wp\/v2\/comments?post=345"}],"version-history":[{"count":10,"href":"https:\/\/greenmango24.com\/altesmango\/wp-json\/wp\/v2\/pages\/345\/revisions"}],"predecessor-version":[{"id":385,"href":"https:\/\/greenmango24.com\/altesmango\/wp-json\/wp\/v2\/pages\/345\/revisions\/385"}],"wp:attachment":[{"href":"https:\/\/greenmango24.com\/altesmango\/wp-json\/wp\/v2\/media?parent=345"}],"curies":[{"name":"wp","href":"https:\/\/api.w.org\/{rel}","templated":true}]}}