{"id":387,"date":"2025-03-11T15:11:06","date_gmt":"2025-03-11T14:11:06","guid":{"rendered":"https:\/\/greenmango24.com\/altesmango\/?page_id=387"},"modified":"2025-03-11T16:43:05","modified_gmt":"2025-03-11T15:43:05","slug":"highlights","status":"publish","type":"page","link":"https:\/\/greenmango24.com\/altesmango\/highlights\/","title":{"rendered":"Highlights"},"content":{"rendered":"\t\t<div data-elementor-type=\"wp-page\" data-elementor-id=\"387\" class=\"elementor elementor-387\" data-elementor-post-type=\"page\">\n\t\t\t\t<div class=\"elementor-element elementor-element-3fa07d2 e-con-full e-flex e-con e-parent\" data-id=\"3fa07d2\" data-element_type=\"container\" data-settings=\"{&quot;background_background&quot;:&quot;classic&quot;}\">\n\t\t<div class=\"elementor-element elementor-element-6c8afd3 e-flex e-con-boxed e-con e-child\" data-id=\"6c8afd3\" data-element_type=\"container\">\n\t\t\t\t\t<div class=\"e-con-inner\">\n\t\t\t\t<div class=\"elementor-element elementor-element-81755da elementor-widget elementor-widget-heading\" data-id=\"81755da\" data-element_type=\"widget\" data-widget_type=\"heading.default\">\n\t\t\t\t<div class=\"elementor-widget-container\">\n\t\t\t\t\t<h1 class=\"elementor-heading-title elementor-size-default\">Unsere <span style=\"color: #ffffff\">Events<\/h1>\t\t\t\t<\/div>\n\t\t\t\t<\/div>\n\t\t\t\t\t<\/div>\n\t\t\t\t<\/div>\n\t\t\t\t<\/div>\n\t\t<div class=\"elementor-element elementor-element-d230e85 e-con-full e-flex e-con e-parent\" data-id=\"d230e85\" data-element_type=\"container\" data-settings=\"{&quot;background_background&quot;:&quot;classic&quot;}\">\n\t\t<div class=\"elementor-element elementor-element-79396da e-flex e-con-boxed e-con e-child\" data-id=\"79396da\" data-element_type=\"container\">\n\t\t\t\t\t<div class=\"e-con-inner\">\n\t\t<div class=\"elementor-element elementor-element-c5e77ed e-con-full Karaoke_Wiesn_first_sec_left e-flex e-con e-child\" data-id=\"c5e77ed\" data-element_type=\"container\">\n\t\t\t\t<div class=\"elementor-element elementor-element-01ae395 elementor-widget elementor-widget-heading\" data-id=\"01ae395\" data-element_type=\"widget\" data-widget_type=\"heading.default\">\n\t\t\t\t<div class=\"elementor-widget-container\">\n\t\t\t\t\t<h2 class=\"elementor-heading-title elementor-size-default\">Willkommen in Europas gr\u00f6\u00dfter und innovativster Karaokebar!<\/h2>\t\t\t\t<\/div>\n\t\t\t\t<\/div>\n\t\t\t\t<\/div>\n\t\t<div class=\"elementor-element elementor-element-a8279b7 e-con-full e-flex e-con e-child\" data-id=\"a8279b7\" data-element_type=\"container\">\n\t\t\t\t<div class=\"elementor-element elementor-element-4653ddd elementor-widget elementor-widget-text-editor\" data-id=\"4653ddd\" data-element_type=\"widget\" data-widget_type=\"text-editor.default\">\n\t\t\t\t<div class=\"elementor-widget-container\">\n\t\t\t\t\t\t\t\t\tHier findet Ihr neben den Hauptveranstaltungen auch stets die Sonderevents und Highlights rund um das Green Mango.\nWenn nicht gerade eine Sonderveranstaltung stattfindet gibt\u2019s nat\u00fcrlich von Dienstag bis Sonntag bei uns immer ein Grund zu feiern.\nGl\u00e4nzen tut nicht nur unsere bunte Partybeleuchtung im Laden.\t\t\t\t\t\t\t\t<\/div>\n\t\t\t\t<\/div>\n\t\t\t\t<\/div>\n\t\t\t\t\t<\/div>\n\t\t\t\t<\/div>\n\t\t\t\t<\/div>\n\t\t<div class=\"elementor-element elementor-element-1f7f570 e-con-full e-flex e-con e-parent\" data-id=\"1f7f570\" data-element_type=\"container\" data-settings=\"{&quot;background_background&quot;:&quot;classic&quot;}\">\n\t\t<div class=\"elementor-element elementor-element-465542d e-flex e-con-boxed e-con e-child\" data-id=\"465542d\" data-element_type=\"container\">\n\t\t\t\t\t<div class=\"e-con-inner\">\n\t\t<div class=\"elementor-element elementor-element-e290937 e-con-full Karaoke_Wiesn_first_sec_left e-flex e-con e-child\" data-id=\"e290937\" data-element_type=\"container\">\n\t\t\t\t<div class=\"elementor-element elementor-element-6063bf7 elementor--h-position-center elementor--v-position-middle elementor-arrows-position-inside elementor-pagination-position-inside elementor-widget elementor-widget-slides\" data-id=\"6063bf7\" data-element_type=\"widget\" data-settings=\"{&quot;navigation&quot;:&quot;both&quot;,&quot;autoplay&quot;:&quot;yes&quot;,&quot;pause_on_hover&quot;:&quot;yes&quot;,&quot;pause_on_interaction&quot;:&quot;yes&quot;,&quot;autoplay_speed&quot;:5000,&quot;infinite&quot;:&quot;yes&quot;,&quot;transition&quot;:&quot;slide&quot;,&quot;transition_speed&quot;:500}\" data-widget_type=\"slides.default\">\n\t\t\t\t<div class=\"elementor-widget-container\">\n\t\t\t\t\t\t\t\t\t<div class=\"elementor-swiper\">\n\t\t\t\t\t<div class=\"elementor-slides-wrapper elementor-main-swiper swiper\" role=\"region\" aria-roledescription=\"carousel\" aria-label=\"Slider\" dir=\"ltr\" data-animation=\"\">\n\t\t\t\t<div class=\"swiper-wrapper elementor-slides\">\n\t\t\t\t\t\t\t\t\t\t<div class=\"elementor-repeater-item-410d6f6 swiper-slide\" role=\"group\" aria-roledescription=\"slide\"><div class=\"swiper-slide-bg\" role=\"img\"><\/div><div class=\"swiper-slide-inner\" ><div class=\"swiper-slide-contents\"><\/div><\/div><\/div><div class=\"elementor-repeater-item-00eab03 swiper-slide\" role=\"group\" aria-roledescription=\"slide\"><div class=\"swiper-slide-bg\" role=\"img\"><\/div><div class=\"swiper-slide-inner\" ><div class=\"swiper-slide-contents\"><\/div><\/div><\/div><div class=\"elementor-repeater-item-6add0f8 swiper-slide\" role=\"group\" aria-roledescription=\"slide\"><div class=\"swiper-slide-bg\" role=\"img\"><\/div><div class=\"swiper-slide-inner\" ><div class=\"swiper-slide-contents\"><\/div><\/div><\/div><div class=\"elementor-repeater-item-00abe5a swiper-slide\" role=\"group\" aria-roledescription=\"slide\"><div class=\"swiper-slide-bg\" role=\"img\"><\/div><div class=\"swiper-slide-inner\" ><div class=\"swiper-slide-contents\"><\/div><\/div><\/div><div class=\"elementor-repeater-item-fc1baf7 swiper-slide\" role=\"group\" aria-roledescription=\"slide\"><div class=\"swiper-slide-bg\" role=\"img\"><\/div><div class=\"swiper-slide-inner\" ><div class=\"swiper-slide-contents\"><\/div><\/div><\/div><div class=\"elementor-repeater-item-a9f57d8 swiper-slide\" role=\"group\" aria-roledescription=\"slide\"><div class=\"swiper-slide-bg\" role=\"img\"><\/div><div class=\"swiper-slide-inner\" ><div class=\"swiper-slide-contents\"><\/div><\/div><\/div><div class=\"elementor-repeater-item-569c397 swiper-slide\" role=\"group\" aria-roledescription=\"slide\"><div class=\"swiper-slide-bg\" role=\"img\"><\/div><div class=\"swiper-slide-inner\" ><div class=\"swiper-slide-contents\"><\/div><\/div><\/div><div class=\"elementor-repeater-item-5083ada swiper-slide\" role=\"group\" aria-roledescription=\"slide\"><div class=\"swiper-slide-bg\" role=\"img\"><\/div><div class=\"swiper-slide-inner\" ><div class=\"swiper-slide-contents\"><\/div><\/div><\/div>\t\t\t\t<\/div>\n\t\t\t\t\t\t\t\t\t\t\t\t\t\t\t<div class=\"elementor-swiper-button elementor-swiper-button-prev\" role=\"button\" tabindex=\"0\" aria-label=\"Previous slide\">\n\t\t\t\t\t\t\t<svg aria-hidden=\"true\" class=\"e-font-icon-svg e-eicon-chevron-left\" viewBox=\"0 0 1000 1000\" xmlns=\"http:\/\/www.w3.org\/2000\/svg\"><path d=\"M646 125C629 125 613 133 604 142L308 442C296 454 292 471 292 487 292 504 296 521 308 533L604 854C617 867 629 875 646 875 663 875 679 871 692 858 704 846 713 829 713 812 713 796 708 779 692 767L438 487 692 225C700 217 708 204 708 187 708 171 704 154 692 142 675 129 663 125 646 125Z\"><\/path><\/svg>\t\t\t\t\t\t<\/div>\n\t\t\t\t\t\t<div class=\"elementor-swiper-button elementor-swiper-button-next\" role=\"button\" tabindex=\"0\" aria-label=\"Next slide\">\n\t\t\t\t\t\t\t<svg aria-hidden=\"true\" class=\"e-font-icon-svg e-eicon-chevron-right\" viewBox=\"0 0 1000 1000\" xmlns=\"http:\/\/www.w3.org\/2000\/svg\"><path d=\"M696 533C708 521 713 504 713 487 713 471 708 454 696 446L400 146C388 133 375 125 354 125 338 125 325 129 313 142 300 154 292 171 292 187 292 204 296 221 308 233L563 492 304 771C292 783 288 800 288 817 288 833 296 850 308 863 321 871 338 875 354 875 371 875 388 867 400 854L696 533Z\"><\/path><\/svg>\t\t\t\t\t\t<\/div>\n\t\t\t\t\t\t\t\t\t\t\t\t\t\t\t\t<div class=\"swiper-pagination\"><\/div>\n\t\t\t\t\t\t\t\t\t\t\t\t<\/div>\n\t\t\t\t<\/div>\n\t\t\t\t\t\t\t\t<\/div>\n\t\t\t\t<\/div>\n\t\t\t\t<\/div>\n\t\t<div class=\"elementor-element elementor-element-7e199d1 e-con-full e-flex e-con e-child\" data-id=\"7e199d1\" data-element_type=\"container\">\n\t\t\t\t<div class=\"elementor-element elementor-element-4c0f9f1 elementor-widget elementor-widget-heading\" data-id=\"4c0f9f1\" data-element_type=\"widget\" data-widget_type=\"heading.default\">\n\t\t\t\t<div class=\"elementor-widget-container\">\n\t\t\t\t\t<h2 class=\"elementor-heading-title elementor-size-default\">\u201eLets Rock The Mango Stage\u201c!<\/h2>\t\t\t\t<\/div>\n\t\t\t\t<\/div>\n\t\t\t\t<\/div>\n\t\t\t\t\t<\/div>\n\t\t\t\t<\/div>\n\t\t\t\t<\/div>\n\t\t<div class=\"elementor-element elementor-element-7169ecf e-con-full e-flex e-con e-parent\" data-id=\"7169ecf\" data-element_type=\"container\" data-settings=\"{&quot;background_background&quot;:&quot;classic&quot;}\">\n\t\t<div class=\"elementor-element elementor-element-e1d143a e-flex e-con-boxed e-con e-child\" data-id=\"e1d143a\" data-element_type=\"container\">\n\t\t\t\t\t<div class=\"e-con-inner\">\n\t\t<div class=\"elementor-element elementor-element-49b74f9 e-con-full e-flex e-con e-child\" data-id=\"49b74f9\" data-element_type=\"container\">\n\t\t\t\t<div class=\"elementor-element elementor-element-bb8a13a inner_anchor elementor-widget elementor-widget-text-editor\" data-id=\"bb8a13a\" data-element_type=\"widget\" data-widget_type=\"text-editor.default\">\n\t\t\t\t<div class=\"elementor-widget-container\">\n\t\t\t\t\t\t\t\t\t<p>Es erwartet Euch nebst riesiger Getr\u00e4nke und Speisevielfalt eine der innovativsten Partylocations in Berlin. Die Party beginnt bei uns schon mit der\u00a0<a href=\"https:\/\/greenmango24.com\/reservierung\/\" target=\"_blank\" rel=\"noopener\"><span class=\"fusion-highlight dark rounded highlight1\">Reservierung<\/span><\/a>, wir gehen auf jeglichen individuellen Wunsch der G\u00e4ste ein und planen mit Euch auch gern Eurer Partyvorhaben.<\/p><p>Ein Anruf gen\u00fcgt\u00a0<a href=\"tel: 03075637393\"><span class=\"fusion-highlight dark rounded highlight1\">030 \u2013 75 63 73 93<br \/><\/span><\/a>\u2013 keine Angst wir bei\u00dfen nicht.<\/p><p>Mit neuster top Soundtechnik einem top motivierten KDJ Team das immer die hei\u00dfesten Tunes spielt. Bei einer unschlagbaren Karaoke-Vielfalt von 150.000 Songs in 24 Sprachen wird jeder Party- und Karaoke Fan zum Star auf unserer modernen Karaoke-Stage.<\/p><p>Auch unser Service ist immer auf zack und stets bem\u00fcht Euch Euren Wunsch schnellstm\u00f6glich zu erf\u00fcllen. Rund um Euer Event sind wir stets f\u00fcr Euch da.<\/p>\t\t\t\t\t\t\t\t<\/div>\n\t\t\t\t<\/div>\n\t\t\t\t<\/div>\n\t\t\t\t\t<\/div>\n\t\t\t\t<\/div>\n\t\t\t\t<\/div>\n\t\t\t\t<\/div>\n\t\t","protected":false},"excerpt":{"rendered":"<p>Unsere Events Willkommen in Europas gr\u00f6\u00dfter und innovativster Karaokebar! Hier findet Ihr neben den Hauptveranstaltungen auch stets die Sonderevents und Highlights rund um das Green Mango. Wenn nicht gerade eine Sonderveranstaltung stattfindet gibt\u2019s nat\u00fcrlich von Dienstag bis Sonntag bei uns immer ein Grund zu feiern. Gl\u00e4nzen tut nicht nur unsere bunte Partybeleuchtung im Laden. \u201eLets [&hellip;]<\/p>\n","protected":false},"author":1,"featured_media":0,"parent":0,"menu_order":0,"comment_status":"closed","ping_status":"closed","template":"","meta":{"footnotes":""},"class_list":["post-387","page","type-page","status-publish","hentry"],"_links":{"self":[{"href":"https:\/\/greenmango24.com\/altesmango\/wp-json\/wp\/v2\/pages\/387","targetHints":{"allow":["GET"]}}],"collection":[{"href":"https:\/\/greenmango24.com\/altesmango\/wp-json\/wp\/v2\/pages"}],"about":[{"href":"https:\/\/greenmango24.com\/altesmango\/wp-json\/wp\/v2\/types\/page"}],"author":[{"embeddable":true,"href":"https:\/\/greenmango24.com\/altesmango\/wp-json\/wp\/v2\/users\/1"}],"replies":[{"embeddable":true,"href":"https:\/\/greenmango24.com\/altesmango\/wp-json\/wp\/v2\/comments?post=387"}],"version-history":[{"count":10,"href":"https:\/\/greenmango24.com\/altesmango\/wp-json\/wp\/v2\/pages\/387\/revisions"}],"predecessor-version":[{"id":438,"href":"https:\/\/greenmango24.com\/altesmango\/wp-json\/wp\/v2\/pages\/387\/revisions\/438"}],"wp:attachment":[{"href":"https:\/\/greenmango24.com\/altesmango\/wp-json\/wp\/v2\/media?parent=387"}],"curies":[{"name":"wp","href":"https:\/\/api.w.org\/{rel}","templated":true}]}}