{"id":428,"date":"2025-03-11T16:21:59","date_gmt":"2025-03-11T15:21:59","guid":{"rendered":"https:\/\/greenmango24.com\/altesmango\/?page_id=428"},"modified":"2025-03-11T16:46:10","modified_gmt":"2025-03-11T15:46:10","slug":"stellenangebote","status":"publish","type":"page","link":"https:\/\/greenmango24.com\/altesmango\/stellenangebote\/","title":{"rendered":"Stellenangebote"},"content":{"rendered":"\t\t<div data-elementor-type=\"wp-page\" data-elementor-id=\"428\" class=\"elementor elementor-428\" data-elementor-post-type=\"page\">\n\t\t\t\t<div class=\"elementor-element elementor-element-b60d576 e-con-full e-flex e-con e-parent\" data-id=\"b60d576\" data-element_type=\"container\" data-settings=\"{&quot;background_background&quot;:&quot;classic&quot;}\">\n\t\t<div class=\"elementor-element elementor-element-b1eac51 e-flex e-con-boxed e-con e-child\" data-id=\"b1eac51\" data-element_type=\"container\">\n\t\t\t\t\t<div class=\"e-con-inner\">\n\t\t\t\t<div class=\"elementor-element elementor-element-a973895 elementor-widget elementor-widget-heading\" data-id=\"a973895\" data-element_type=\"widget\" data-widget_type=\"heading.default\">\n\t\t\t\t<div class=\"elementor-widget-container\">\n\t\t\t\t\t<h1 class=\"elementor-heading-title elementor-size-default\">STELLEN<span style=\"color: #ffffff\">ANGEBOTE<\/h1>\t\t\t\t<\/div>\n\t\t\t\t<\/div>\n\t\t\t\t\t<\/div>\n\t\t\t\t<\/div>\n\t\t\t\t<\/div>\n\t\t<div class=\"elementor-element elementor-element-8b5d7f4 e-con-full e-flex e-con e-parent\" data-id=\"8b5d7f4\" data-element_type=\"container\" data-settings=\"{&quot;background_background&quot;:&quot;classic&quot;}\">\n\t\t<div class=\"elementor-element elementor-element-14f5363 e-flex e-con-boxed e-con e-child\" data-id=\"14f5363\" data-element_type=\"container\">\n\t\t\t\t\t<div class=\"e-con-inner\">\n\t\t\t\t<div class=\"elementor-element elementor-element-57bfbbd elementor-widget elementor-widget-heading\" data-id=\"57bfbbd\" data-element_type=\"widget\" data-widget_type=\"heading.default\">\n\t\t\t\t<div class=\"elementor-widget-container\">\n\t\t\t\t\t<h2 class=\"elementor-heading-title elementor-size-default\">Service- und Barpersonal, sowie Karaoke-Jockey und Fotograf<\/h2>\t\t\t\t<\/div>\n\t\t\t\t<\/div>\n\t\t\t\t<div class=\"elementor-element elementor-element-73d5ca0 elementor-widget-divider--view-line elementor-widget elementor-widget-divider\" data-id=\"73d5ca0\" data-element_type=\"widget\" data-widget_type=\"divider.default\">\n\t\t\t\t<div class=\"elementor-widget-container\">\n\t\t\t\t\t\t\t<div class=\"elementor-divider\">\n\t\t\t<span class=\"elementor-divider-separator\">\n\t\t\t\t\t\t<\/span>\n\t\t<\/div>\n\t\t\t\t\t\t<\/div>\n\t\t\t\t<\/div>\n\t\t<div class=\"elementor-element elementor-element-2c08c71 e-con-full e-flex e-con e-child\" data-id=\"2c08c71\" data-element_type=\"container\">\n\t\t<div class=\"elementor-element elementor-element-1b87d2f e-con-full e-flex e-con e-child\" data-id=\"1b87d2f\" data-element_type=\"container\">\n\t\t\t\t<div class=\"elementor-element elementor-element-4761488 elementor-widget elementor-widget-image\" data-id=\"4761488\" data-element_type=\"widget\" data-widget_type=\"image.default\">\n\t\t\t\t<div class=\"elementor-widget-container\">\n\t\t\t\t\t\t\t\t\t\t\t\t\t\t\t<img fetchpriority=\"high\" decoding=\"async\" width=\"400\" height=\"400\" src=\"https:\/\/greenmango24.com\/altesmango\/wp-content\/uploads\/2025\/03\/bar-stellenangebot.jpg\" class=\"attachment-large size-large wp-image-431\" alt=\"\" srcset=\"https:\/\/greenmango24.com\/altesmango\/wp-content\/uploads\/2025\/03\/bar-stellenangebot.jpg 400w, https:\/\/greenmango24.com\/altesmango\/wp-content\/uploads\/2025\/03\/bar-stellenangebot-300x300.jpg 300w, https:\/\/greenmango24.com\/altesmango\/wp-content\/uploads\/2025\/03\/bar-stellenangebot-150x150.jpg 150w\" sizes=\"(max-width: 400px) 100vw, 400px\" \/>\t\t\t\t\t\t\t\t\t\t\t\t\t\t\t<\/div>\n\t\t\t\t<\/div>\n\t\t\t\t<\/div>\n\t\t<div class=\"elementor-element elementor-element-bbd66af e-con-full e-flex e-con e-child\" data-id=\"bbd66af\" data-element_type=\"container\">\n\t\t\t\t<div class=\"elementor-element elementor-element-cd85fcd inner_anchor elementor-widget elementor-widget-text-editor\" data-id=\"cd85fcd\" data-element_type=\"widget\" data-widget_type=\"text-editor.default\">\n\t\t\t\t<div class=\"elementor-widget-container\">\n\t\t\t\t\t\t\t\t\tDu willst Teil der Mango Family werden?\n<h4 style=\"font-size: 1.06875em;\"><strong>Wir suchen ambitionierte Flei\u00dfbienchen (m\/w\/d), die bei uns im Service- und Barbereich t\u00e4tig seien wollen.<\/strong><\/h4>\n<h4 style=\"font-size: 1.06875em;\"><strong>Weiter suchen wir symphatische M\/W\/D, welche Karaoke-Jockey oder nebenbei Fotograf werden m\u00f6chten.<\/strong><\/h4>\nDu bist ein\/e Templayer\/-in, aufgeweckt und auf draht, bist kommunikativ und zielstrebig und Du w\u00fcrdest gern mit einem Job in einer der angesagtesten\u00a0 Partylocations Deutschlands langfristig und zielstrebig deinen Lebensunterhalt bestreiten wollen?\n\nVoraussetzungen:\n\n\u2013 Dein pol. F\u00fchrungszeugnis ist toppi\n\n\u2013 Du hast eine symphatische Erscheinung\n\n\u2013 Du hast den Wunsch auf langfristiges Engagement\n\n\u2013 Du bist gern am Tag frei und am Abend mit Spa\u00df in Deinem Job\n\n\u2013 Du bist flei\u00dfig und wirklich zu 100% zuverl\u00e4ssig\n\n\u2013 Du bist absolut aufgeweckt und Teamf\u00e4hig und zielstrebig\n\n\u2013 Du hast perfekte Deutschkenntnisse und kannst etwas Englisch\/Franz\u00f6sisch und\/oder Spanisch\n\nDann schreib uns doch eine gern kurze Bewerbung. Wir sind gespannt,\u2026 Unsere T\u00fcren sind f\u00fcr Dich ge\u00f6ffnet und die Chancen stehen nicht schlecht!\n\n<a href=\"mailto:office@greenmango24.de\"><span class=\"fusion-highlight dark rounded highlight1\">office@greenmango24.de<\/span><\/a>\t\t\t\t\t\t\t\t<\/div>\n\t\t\t\t<\/div>\n\t\t\t\t<\/div>\n\t\t\t\t<\/div>\n\t\t\t\t\t<\/div>\n\t\t\t\t<\/div>\n\t\t\t\t<\/div>\n\t\t<div class=\"elementor-element elementor-element-72c309e e-con-full e-flex e-con e-parent\" data-id=\"72c309e\" data-element_type=\"container\" data-settings=\"{&quot;background_background&quot;:&quot;classic&quot;}\">\n\t\t<div class=\"elementor-element elementor-element-cc9211e e-flex e-con-boxed e-con e-child\" data-id=\"cc9211e\" data-element_type=\"container\">\n\t\t\t\t\t<div class=\"e-con-inner\">\n\t\t\t\t<div class=\"elementor-element elementor-element-46116a4 inner_anchor elementor-widget elementor-widget-text-editor\" data-id=\"46116a4\" data-element_type=\"widget\" data-widget_type=\"text-editor.default\">\n\t\t\t\t<div class=\"elementor-widget-container\">\n\t\t\t\t\t\t\t\t\t<p>Wer kann Apps erstellen?<\/p><p>Kannst Du es oder kennst Du jemanden, der das kann?<\/p><h4 style=\"font-size: 1.06875em;\"><strong>Dann melde Dich bei uns. Wir wollen eine solche gern professionell erstellen lassen.<br \/><\/strong><\/h4><p><a href=\"mailto:office@greenmango24.de\"><span class=\"fusion-highlight dark rounded highlight1\">office@greenmango24.de<\/span><\/a><\/p>\t\t\t\t\t\t\t\t<\/div>\n\t\t\t\t<\/div>\n\t\t\t\t\t<\/div>\n\t\t\t\t<\/div>\n\t\t\t\t<\/div>\n\t\t\t\t<\/div>\n\t\t","protected":false},"excerpt":{"rendered":"<p>STELLENANGEBOTE Service- und Barpersonal, sowie Karaoke-Jockey und Fotograf Du willst Teil der Mango Family werden? Wir suchen ambitionierte Flei\u00dfbienchen (m\/w\/d), die bei uns im Service- und Barbereich t\u00e4tig seien wollen. Weiter suchen wir symphatische M\/W\/D, welche Karaoke-Jockey oder nebenbei Fotograf werden m\u00f6chten. Du bist ein\/e Templayer\/-in, aufgeweckt und auf draht, bist kommunikativ und zielstrebig und [&hellip;]<\/p>\n","protected":false},"author":1,"featured_media":0,"parent":0,"menu_order":0,"comment_status":"closed","ping_status":"closed","template":"","meta":{"footnotes":""},"class_list":["post-428","page","type-page","status-publish","hentry"],"_links":{"self":[{"href":"https:\/\/greenmango24.com\/altesmango\/wp-json\/wp\/v2\/pages\/428","targetHints":{"allow":["GET"]}}],"collection":[{"href":"https:\/\/greenmango24.com\/altesmango\/wp-json\/wp\/v2\/pages"}],"about":[{"href":"https:\/\/greenmango24.com\/altesmango\/wp-json\/wp\/v2\/types\/page"}],"author":[{"embeddable":true,"href":"https:\/\/greenmango24.com\/altesmango\/wp-json\/wp\/v2\/users\/1"}],"replies":[{"embeddable":true,"href":"https:\/\/greenmango24.com\/altesmango\/wp-json\/wp\/v2\/comments?post=428"}],"version-history":[{"count":10,"href":"https:\/\/greenmango24.com\/altesmango\/wp-json\/wp\/v2\/pages\/428\/revisions"}],"predecessor-version":[{"id":447,"href":"https:\/\/greenmango24.com\/altesmango\/wp-json\/wp\/v2\/pages\/428\/revisions\/447"}],"wp:attachment":[{"href":"https:\/\/greenmango24.com\/altesmango\/wp-json\/wp\/v2\/media?parent=428"}],"curies":[{"name":"wp","href":"https:\/\/api.w.org\/{rel}","templated":true}]}}