{"id":4927,"date":"2025-05-16T13:01:59","date_gmt":"2025-05-16T11:01:59","guid":{"rendered":"https:\/\/greenmango24.com\/altesmango\/?page_id=4927"},"modified":"2025-05-16T14:09:53","modified_gmt":"2025-05-16T12:09:53","slug":"das-green-mango-mieten","status":"publish","type":"page","link":"https:\/\/greenmango24.com\/altesmango\/das-green-mango-mieten\/","title":{"rendered":"Das Green Mango mieten?"},"content":{"rendered":"\t\t<div data-elementor-type=\"wp-page\" data-elementor-id=\"4927\" class=\"elementor elementor-4927\" data-elementor-post-type=\"page\">\n\t\t\t\t<div class=\"elementor-element elementor-element-f49f608 e-con-full e-flex e-con e-child\" data-id=\"f49f608\" data-element_type=\"container\" data-settings=\"{&quot;background_background&quot;:&quot;classic&quot;}\">\n\t\t<div class=\"elementor-element elementor-element-cafba2c e-flex e-con-boxed e-con e-child\" data-id=\"cafba2c\" data-element_type=\"container\">\n\t\t\t\t\t<div class=\"e-con-inner\">\n\t\t\t\t<div class=\"elementor-element elementor-element-3debc60 elementor-widget elementor-widget-heading\" data-id=\"3debc60\" data-element_type=\"widget\" data-widget_type=\"heading.default\">\n\t\t\t\t<div class=\"elementor-widget-container\">\n\t\t\t\t\t<h1 class=\"elementor-heading-title elementor-size-default\">DAS GREEN MANGO\n<span style=\"color: #ffffff\">\nMIETEN?\n<\/span> \n<\/h1>\t\t\t\t<\/div>\n\t\t\t\t<\/div>\n\t\t\t\t\t<\/div>\n\t\t\t\t<\/div>\n\t\t\t\t<\/div>\n\t\t<div class=\"elementor-element elementor-element-bf218a5 e-con-full e-flex e-con e-parent\" data-id=\"bf218a5\" data-element_type=\"container\">\n\t\t<div class=\"elementor-element elementor-element-e8dad1f e-con-full e-flex e-con e-child\" data-id=\"e8dad1f\" data-element_type=\"container\" data-settings=\"{&quot;background_background&quot;:&quot;classic&quot;}\">\n\t\t<div class=\"elementor-element elementor-element-bfbcf71 e-con-full e-flex e-con e-child\" data-id=\"bfbcf71\" data-element_type=\"container\" data-settings=\"{&quot;background_background&quot;:&quot;classic&quot;}\">\n\t\t\t\t<\/div>\n\t\t\t\t<\/div>\n\t\t<div class=\"elementor-element elementor-element-a99a9f9 e-con-full e-flex e-con e-child\" data-id=\"a99a9f9\" data-element_type=\"container\">\n\t\t\t\t<div class=\"elementor-element elementor-element-1c33767 elementor-widget elementor-widget-heading\" data-id=\"1c33767\" data-element_type=\"widget\" data-widget_type=\"heading.default\">\n\t\t\t\t<div class=\"elementor-widget-container\">\n\t\t\t\t\t<h2 class=\"elementor-heading-title elementor-size-default\">Schon gewusst?<\/h2>\t\t\t\t<\/div>\n\t\t\t\t<\/div>\n\t\t\t\t<div class=\"elementor-element elementor-element-7de7fe2 elementor-widget elementor-widget-text-editor\" data-id=\"7de7fe2\" data-element_type=\"widget\" data-widget_type=\"text-editor.default\">\n\t\t\t\t<div class=\"elementor-widget-container\">\n\t\t\t\t\t\t\t\t\t<p><strong>Das Green Mango kann man komplett mieten.<\/strong> Wir m\u00f6chten Ihnen hier M\u00f6glichkeiten aufzeigen, wof\u00fcr und in welcher Form Sie das Green Mango komplett mieten k\u00f6nnen.<\/p>\t\t\t\t\t\t\t\t<\/div>\n\t\t\t\t<\/div>\n\t\t\t\t<\/div>\n\t\t\t\t<\/div>\n\t\t<div class=\"elementor-element elementor-element-02669fe e-con-full e-flex e-con e-parent\" data-id=\"02669fe\" data-element_type=\"container\">\n\t\t<div class=\"elementor-element elementor-element-2f60864 e-con-full e-flex e-con e-child\" data-id=\"2f60864\" data-element_type=\"container\">\n\t\t\t\t<div class=\"elementor-element elementor-element-6aacb5a elementor-widget elementor-widget-heading\" data-id=\"6aacb5a\" data-element_type=\"widget\" data-widget_type=\"heading.default\">\n\t\t\t\t<div class=\"elementor-widget-container\">\n\t\t\t\t\t<h2 class=\"elementor-heading-title elementor-size-default\">Wir freuen uns \u00fcber Ihre Anfrage und das folgende gern gef\u00fchrte Gespr\u00e4ch, bei denen vieles m\u00f6glich ist!<\/h2>\t\t\t\t<\/div>\n\t\t\t\t<\/div>\n\t\t\t\t<\/div>\n\t\t<div class=\"elementor-element elementor-element-9c44d87 e-con-full e-flex e-con e-child\" data-id=\"9c44d87\" data-element_type=\"container\" data-settings=\"{&quot;background_background&quot;:&quot;classic&quot;}\">\n\t\t<div class=\"elementor-element elementor-element-9063d81 e-con-full e-flex e-con e-child\" data-id=\"9063d81\" data-element_type=\"container\" data-settings=\"{&quot;background_background&quot;:&quot;classic&quot;,&quot;animation&quot;:&quot;none&quot;}\">\n\t\t\t\t<div class=\"elementor-element elementor-element-d3da13a elementor-widget elementor-widget-image\" data-id=\"d3da13a\" data-element_type=\"widget\" data-widget_type=\"image.default\">\n\t\t\t\t<div class=\"elementor-widget-container\">\n\t\t\t\t\t\t\t\t\t\t\t\t\t\t\t\t<a href=\"http:\/\/old.greenmango24.de\/wp-content\/uploads\/2025\/03\/uebersicht-greenmango-mieten.jpg\" data-elementor-open-lightbox=\"yes\" data-elementor-lightbox-title=\"uebersicht-greenmango-mieten\" data-e-action-hash=\"#elementor-action%3Aaction%3Dlightbox%26settings%3DeyJpZCI6MTI4NiwidXJsIjoiaHR0cHM6XC9cL2dyZWVubWFuZ28yNC5jb21cL2FsdGVzbWFuZ29cL3dwLWNvbnRlbnRcL3VwbG9hZHNcLzIwMjVcLzAzXC91ZWJlcnNpY2h0LWdyZWVubWFuZ28tbWlldGVuLmpwZyJ9\">\n\t\t\t\t\t\t\t<img fetchpriority=\"high\" decoding=\"async\" width=\"1561\" height=\"671\" src=\"https:\/\/greenmango24.com\/altesmango\/wp-content\/uploads\/2025\/03\/uebersicht-greenmango-mieten.jpg\" class=\"attachment-full size-full wp-image-1286\" alt=\"\" srcset=\"https:\/\/greenmango24.com\/altesmango\/wp-content\/uploads\/2025\/03\/uebersicht-greenmango-mieten.jpg 1561w, https:\/\/greenmango24.com\/altesmango\/wp-content\/uploads\/2025\/03\/uebersicht-greenmango-mieten-300x129.jpg 300w, https:\/\/greenmango24.com\/altesmango\/wp-content\/uploads\/2025\/03\/uebersicht-greenmango-mieten-1024x440.jpg 1024w, https:\/\/greenmango24.com\/altesmango\/wp-content\/uploads\/2025\/03\/uebersicht-greenmango-mieten-768x330.jpg 768w, https:\/\/greenmango24.com\/altesmango\/wp-content\/uploads\/2025\/03\/uebersicht-greenmango-mieten-1536x660.jpg 1536w\" sizes=\"(max-width: 1561px) 100vw, 1561px\" \/>\t\t\t\t\t\t\t\t<\/a>\n\t\t\t\t\t\t\t\t\t\t\t\t\t\t\t<\/div>\n\t\t\t\t<\/div>\n\t\t\t\t<\/div>\n\t\t\t\t<\/div>\n\t\t\t\t<\/div>\n\t\t<div class=\"elementor-element elementor-element-8913e7b e-con-full e-flex e-con e-parent\" data-id=\"8913e7b\" data-element_type=\"container\">\n\t\t<div class=\"elementor-element elementor-element-4ec4c96 e-con-full e-flex e-con e-child\" data-id=\"4ec4c96\" data-element_type=\"container\">\n\t\t\t\t<div class=\"elementor-element elementor-element-4f93913 inner_anchor elementor-widget elementor-widget-text-editor\" data-id=\"4f93913\" data-element_type=\"widget\" data-widget_type=\"text-editor.default\">\n\t\t\t\t<div class=\"elementor-widget-container\">\n\t\t\t\t\t\t\t\t\tUnter anderem wurde f\u00fcr den ZDF-Zweiteiler \u201eAlles muss raus\u201c auch das Green Mango als Drehort genutzt! <a href='https:\/\/www.berliner-zeitung.de\/kultur\/medien\/gleich-zwei-tv-filme-ueber-die-drogeriekette-wohlfuehlen-und-sexaffaeren-bei-schlecker-58730'> <span class='fusion-highlight dark rounded highlight1'>Hier mal ein kleiner Bericht!<\/span><\/a>\t\t\t\t\t\t\t\t<\/div>\n\t\t\t\t<\/div>\n\t\t\t\t<\/div>\n\t\t<div class=\"elementor-element elementor-element-4bde139 e-con-full e-flex e-con e-child\" data-id=\"4bde139\" data-element_type=\"container\" data-settings=\"{&quot;background_background&quot;:&quot;classic&quot;}\">\n\t\t\t\t<div class=\"elementor-element elementor-element-bc8f23c inner_anchor elementor-widget elementor-widget-text-editor\" data-id=\"bc8f23c\" data-element_type=\"widget\" data-widget_type=\"text-editor.default\">\n\t\t\t\t<div class=\"elementor-widget-container\">\n\t\t\t\t\t\t\t\t\tHier gewinnen Sie einen wirklich guten Eindruck, was alles im Green Mango m\u00f6glich ist!\t\t\t\t\t\t\t\t<\/div>\n\t\t\t\t<\/div>\n\t\t\t\t<\/div>\n\t\t\t\t<\/div>\n\t\t\t\t<\/div>\n\t\t","protected":false},"excerpt":{"rendered":"<p>DAS GREEN MANGO MIETEN? Schon gewusst? Das Green Mango kann man komplett mieten. Wir m\u00f6chten Ihnen hier M\u00f6glichkeiten aufzeigen, wof\u00fcr und in welcher Form Sie das Green Mango komplett mieten k\u00f6nnen. Wir freuen uns \u00fcber Ihre Anfrage und das folgende gern gef\u00fchrte Gespr\u00e4ch, bei denen vieles m\u00f6glich ist! Unter anderem wurde f\u00fcr den ZDF-Zweiteiler \u201eAlles [&hellip;]<\/p>\n","protected":false},"author":1,"featured_media":0,"parent":0,"menu_order":0,"comment_status":"closed","ping_status":"closed","template":"","meta":{"footnotes":""},"class_list":["post-4927","page","type-page","status-publish","hentry"],"_links":{"self":[{"href":"https:\/\/greenmango24.com\/altesmango\/wp-json\/wp\/v2\/pages\/4927","targetHints":{"allow":["GET"]}}],"collection":[{"href":"https:\/\/greenmango24.com\/altesmango\/wp-json\/wp\/v2\/pages"}],"about":[{"href":"https:\/\/greenmango24.com\/altesmango\/wp-json\/wp\/v2\/types\/page"}],"author":[{"embeddable":true,"href":"https:\/\/greenmango24.com\/altesmango\/wp-json\/wp\/v2\/users\/1"}],"replies":[{"embeddable":true,"href":"https:\/\/greenmango24.com\/altesmango\/wp-json\/wp\/v2\/comments?post=4927"}],"version-history":[{"count":10,"href":"https:\/\/greenmango24.com\/altesmango\/wp-json\/wp\/v2\/pages\/4927\/revisions"}],"predecessor-version":[{"id":4974,"href":"https:\/\/greenmango24.com\/altesmango\/wp-json\/wp\/v2\/pages\/4927\/revisions\/4974"}],"wp:attachment":[{"href":"https:\/\/greenmango24.com\/altesmango\/wp-json\/wp\/v2\/media?parent=4927"}],"curies":[{"name":"wp","href":"https:\/\/api.w.org\/{rel}","templated":true}]}}