{"id":577,"date":"2025-03-12T17:25:41","date_gmt":"2025-03-12T16:25:41","guid":{"rendered":"https:\/\/greenmango24.com\/altesmango\/?page_id=577"},"modified":"2025-03-12T17:31:46","modified_gmt":"2025-03-12T16:31:46","slug":"scheidungs-party","status":"publish","type":"page","link":"https:\/\/greenmango24.com\/altesmango\/scheidungs-party\/","title":{"rendered":"Scheidungs Party"},"content":{"rendered":"\t\t<div data-elementor-type=\"wp-page\" data-elementor-id=\"577\" class=\"elementor elementor-577\" data-elementor-post-type=\"page\">\n\t\t\t\t<div class=\"elementor-element elementor-element-11171b5 e-con-full e-flex e-con e-parent\" data-id=\"11171b5\" data-element_type=\"container\" data-settings=\"{&quot;background_background&quot;:&quot;classic&quot;}\">\n\t\t<div class=\"elementor-element elementor-element-cfb2185 e-flex e-con-boxed e-con e-child\" data-id=\"cfb2185\" data-element_type=\"container\">\n\t\t\t\t\t<div class=\"e-con-inner\">\n\t\t\t\t<div class=\"elementor-element elementor-element-15f8839 elementor-widget elementor-widget-heading\" data-id=\"15f8839\" data-element_type=\"widget\" data-widget_type=\"heading.default\">\n\t\t\t\t<div class=\"elementor-widget-container\">\n\t\t\t\t\t<h1 class=\"elementor-heading-title elementor-size-default\">SCHEIDUNGS<span style=\"color: #ffffff\">PARTY<\/span><\/h1>\t\t\t\t<\/div>\n\t\t\t\t<\/div>\n\t\t\t\t\t<\/div>\n\t\t\t\t<\/div>\n\t\t\t\t<\/div>\n\t\t<div class=\"elementor-element elementor-element-b82a8b6 e-con-full e-flex e-con e-parent\" data-id=\"b82a8b6\" data-element_type=\"container\" data-settings=\"{&quot;background_background&quot;:&quot;classic&quot;}\">\n\t\t<div class=\"elementor-element elementor-element-fc5c1eb e-flex e-con-boxed e-con e-child\" data-id=\"fc5c1eb\" data-element_type=\"container\">\n\t\t\t\t\t<div class=\"e-con-inner\">\n\t\t<div class=\"elementor-element elementor-element-57cb8a2 e-con-full e-flex e-con e-child\" data-id=\"57cb8a2\" data-element_type=\"container\">\n\t\t<div class=\"elementor-element elementor-element-57f655f e-con-full e-flex e-con e-child\" data-id=\"57f655f\" data-element_type=\"container\">\n\t\t\t\t<div class=\"elementor-element elementor-element-d5db78b elementor-widget elementor-widget-image\" data-id=\"d5db78b\" data-element_type=\"widget\" data-widget_type=\"image.default\">\n\t\t\t\t<div class=\"elementor-widget-container\">\n\t\t\t\t\t\t\t\t\t\t\t\t\t\t\t<img fetchpriority=\"high\" decoding=\"async\" width=\"800\" height=\"463\" src=\"https:\/\/greenmango24.com\/altesmango\/wp-content\/uploads\/2025\/03\/scheidungsparty.jpg\" class=\"attachment-large size-large wp-image-582\" alt=\"\" srcset=\"https:\/\/greenmango24.com\/altesmango\/wp-content\/uploads\/2025\/03\/scheidungsparty.jpg 800w, https:\/\/greenmango24.com\/altesmango\/wp-content\/uploads\/2025\/03\/scheidungsparty-300x174.jpg 300w, https:\/\/greenmango24.com\/altesmango\/wp-content\/uploads\/2025\/03\/scheidungsparty-768x444.jpg 768w\" sizes=\"(max-width: 800px) 100vw, 800px\" \/>\t\t\t\t\t\t\t\t\t\t\t\t\t\t\t<\/div>\n\t\t\t\t<\/div>\n\t\t\t\t<\/div>\n\t\t<div class=\"elementor-element elementor-element-394733d e-con-full e-flex e-con e-child\" data-id=\"394733d\" data-element_type=\"container\">\n\t\t\t\t<div class=\"elementor-element elementor-element-aa4ba51 elementor-widget elementor-widget-text-editor\" data-id=\"aa4ba51\" data-element_type=\"widget\" data-widget_type=\"text-editor.default\">\n\t\t\t\t<div class=\"elementor-widget-container\">\n\t\t\t\t\t\t\t\t\tNicht nur Junggesellen (-innen) Abschiede sollten \u00fcber eine Party nachdenken, sondern auch diejenigen, die nach der Ehe (Scheidung) sich wieder gl\u00fccklich f\u00fchlen.\t\t\t\t\t\t\t\t<\/div>\n\t\t\t\t<\/div>\n\t\t\t\t<div class=\"elementor-element elementor-element-ec8a38b elementor-widget elementor-widget-heading\" data-id=\"ec8a38b\" data-element_type=\"widget\" data-widget_type=\"heading.default\">\n\t\t\t\t<div class=\"elementor-widget-container\">\n\t\t\t\t\t<h2 class=\"elementor-heading-title elementor-size-default\">Hier gibt es tats\u00e4chlich auch manchmal einen Grund zum Feiern mit den Freunden.<\/h2>\t\t\t\t<\/div>\n\t\t\t\t<\/div>\n\t\t\t\t<div class=\"elementor-element elementor-element-bac8ddb inner_anchor elementor-widget elementor-widget-text-editor\" data-id=\"bac8ddb\" data-element_type=\"widget\" data-widget_type=\"text-editor.default\">\n\t\t\t\t<div class=\"elementor-widget-container\">\n\t\t\t\t\t\t\t\t\tBei einer Scheidungsparty im Green Mango d\u00fcrft ihr Euch auch \u00fcber ein kleines Present von uns freuen. Auch hier empfehlen wir das\u00a0<a href=\"\/partypakete-fuer-alle\/\" > passende Paket<\/a>\u00a0f\u00fcr Eure Party.<\/h4>\t\t\t\t\t\t\t\t<\/div>\n\t\t\t\t<\/div>\n\t\t\t\t<\/div>\n\t\t\t\t<\/div>\n\t\t\t\t\t<\/div>\n\t\t\t\t<\/div>\n\t\t\t\t<\/div>\n\t\t\t\t<\/div>\n\t\t","protected":false},"excerpt":{"rendered":"<p>SCHEIDUNGSPARTY Nicht nur Junggesellen (-innen) Abschiede sollten \u00fcber eine Party nachdenken, sondern auch diejenigen, die nach der Ehe (Scheidung) sich wieder gl\u00fccklich f\u00fchlen. Hier gibt es tats\u00e4chlich auch manchmal einen Grund zum Feiern mit den Freunden. Bei einer Scheidungsparty im Green Mango d\u00fcrft ihr Euch auch \u00fcber ein kleines Present von uns freuen. Auch hier [&hellip;]<\/p>\n","protected":false},"author":1,"featured_media":0,"parent":0,"menu_order":0,"comment_status":"closed","ping_status":"closed","template":"","meta":{"footnotes":""},"class_list":["post-577","page","type-page","status-publish","hentry"],"_links":{"self":[{"href":"https:\/\/greenmango24.com\/altesmango\/wp-json\/wp\/v2\/pages\/577","targetHints":{"allow":["GET"]}}],"collection":[{"href":"https:\/\/greenmango24.com\/altesmango\/wp-json\/wp\/v2\/pages"}],"about":[{"href":"https:\/\/greenmango24.com\/altesmango\/wp-json\/wp\/v2\/types\/page"}],"author":[{"embeddable":true,"href":"https:\/\/greenmango24.com\/altesmango\/wp-json\/wp\/v2\/users\/1"}],"replies":[{"embeddable":true,"href":"https:\/\/greenmango24.com\/altesmango\/wp-json\/wp\/v2\/comments?post=577"}],"version-history":[{"count":7,"href":"https:\/\/greenmango24.com\/altesmango\/wp-json\/wp\/v2\/pages\/577\/revisions"}],"predecessor-version":[{"id":586,"href":"https:\/\/greenmango24.com\/altesmango\/wp-json\/wp\/v2\/pages\/577\/revisions\/586"}],"wp:attachment":[{"href":"https:\/\/greenmango24.com\/altesmango\/wp-json\/wp\/v2\/media?parent=577"}],"curies":[{"name":"wp","href":"https:\/\/api.w.org\/{rel}","templated":true}]}}