{"id":652,"date":"2025-03-12T18:40:53","date_gmt":"2025-03-12T17:40:53","guid":{"rendered":"https:\/\/greenmango24.com\/altesmango\/?page_id=652"},"modified":"2025-03-12T18:51:18","modified_gmt":"2025-03-12T17:51:18","slug":"sonstige-parties","status":"publish","type":"page","link":"https:\/\/greenmango24.com\/altesmango\/sonstige-parties\/","title":{"rendered":"Sonstige Parties"},"content":{"rendered":"\t\t<div data-elementor-type=\"wp-page\" data-elementor-id=\"652\" class=\"elementor elementor-652\" data-elementor-post-type=\"page\">\n\t\t\t\t<div class=\"elementor-element elementor-element-1553e7c e-con-full e-flex e-con e-parent\" data-id=\"1553e7c\" data-element_type=\"container\" data-settings=\"{&quot;background_background&quot;:&quot;classic&quot;}\">\n\t\t<div class=\"elementor-element elementor-element-4a6a0ae e-flex e-con-boxed e-con e-child\" data-id=\"4a6a0ae\" data-element_type=\"container\">\n\t\t\t\t\t<div class=\"e-con-inner\">\n\t\t\t\t<div class=\"elementor-element elementor-element-6f1a8e6 elementor-widget elementor-widget-heading\" data-id=\"6f1a8e6\" data-element_type=\"widget\" data-widget_type=\"heading.default\">\n\t\t\t\t<div class=\"elementor-widget-container\">\n\t\t\t\t\t<h1 class=\"elementor-heading-title elementor-size-default\">SONSTIGE <span style=\"color: #ffffff\">PARTYS<\/span><\/h1>\t\t\t\t<\/div>\n\t\t\t\t<\/div>\n\t\t\t\t\t<\/div>\n\t\t\t\t<\/div>\n\t\t\t\t<\/div>\n\t\t<div class=\"elementor-element elementor-element-b598226 e-con-full e-flex e-con e-parent\" data-id=\"b598226\" data-element_type=\"container\" data-settings=\"{&quot;background_background&quot;:&quot;classic&quot;}\">\n\t\t<div class=\"elementor-element elementor-element-7214465 e-flex e-con-boxed e-con e-child\" data-id=\"7214465\" data-element_type=\"container\">\n\t\t\t\t\t<div class=\"e-con-inner\">\n\t\t<div class=\"elementor-element elementor-element-f330926 e-con-full e-flex e-con e-child\" data-id=\"f330926\" data-element_type=\"container\">\n\t\t<div class=\"elementor-element elementor-element-9305942 e-con-full e-flex e-con e-child\" data-id=\"9305942\" data-element_type=\"container\">\n\t\t\t\t<div class=\"elementor-element elementor-element-eb950d1 elementor--h-position-center elementor--v-position-middle elementor-arrows-position-inside elementor-pagination-position-inside elementor-widget elementor-widget-slides\" data-id=\"eb950d1\" data-element_type=\"widget\" data-settings=\"{&quot;navigation&quot;:&quot;both&quot;,&quot;autoplay&quot;:&quot;yes&quot;,&quot;pause_on_hover&quot;:&quot;yes&quot;,&quot;pause_on_interaction&quot;:&quot;yes&quot;,&quot;autoplay_speed&quot;:5000,&quot;infinite&quot;:&quot;yes&quot;,&quot;transition&quot;:&quot;slide&quot;,&quot;transition_speed&quot;:500}\" data-widget_type=\"slides.default\">\n\t\t\t\t<div class=\"elementor-widget-container\">\n\t\t\t\t\t\t\t\t\t<div class=\"elementor-swiper\">\n\t\t\t\t\t<div class=\"elementor-slides-wrapper elementor-main-swiper swiper\" role=\"region\" aria-roledescription=\"carousel\" aria-label=\"Slider\" dir=\"ltr\" data-animation=\"\">\n\t\t\t\t<div class=\"swiper-wrapper elementor-slides\">\n\t\t\t\t\t\t\t\t\t\t<div class=\"elementor-repeater-item-410d6f6 swiper-slide\" role=\"group\" aria-roledescription=\"slide\"><div class=\"swiper-slide-bg\" role=\"img\"><\/div><div class=\"swiper-slide-inner\" ><div class=\"swiper-slide-contents\"><\/div><\/div><\/div><div class=\"elementor-repeater-item-00eab03 swiper-slide\" role=\"group\" aria-roledescription=\"slide\"><div class=\"swiper-slide-bg\" role=\"img\"><\/div><div class=\"swiper-slide-inner\" ><div class=\"swiper-slide-contents\"><\/div><\/div><\/div><div class=\"elementor-repeater-item-6add0f8 swiper-slide\" role=\"group\" aria-roledescription=\"slide\"><div class=\"swiper-slide-bg\" role=\"img\"><\/div><div class=\"swiper-slide-inner\" ><div class=\"swiper-slide-contents\"><\/div><\/div><\/div><div class=\"elementor-repeater-item-00abe5a swiper-slide\" role=\"group\" aria-roledescription=\"slide\"><div class=\"swiper-slide-bg\" role=\"img\"><\/div><div class=\"swiper-slide-inner\" ><div class=\"swiper-slide-contents\"><\/div><\/div><\/div><div class=\"elementor-repeater-item-d902411 swiper-slide\" role=\"group\" aria-roledescription=\"slide\"><div class=\"swiper-slide-bg\" role=\"img\"><\/div><div class=\"swiper-slide-inner\" ><div class=\"swiper-slide-contents\"><\/div><\/div><\/div>\t\t\t\t<\/div>\n\t\t\t\t\t\t\t\t\t\t\t\t\t\t\t<div class=\"elementor-swiper-button elementor-swiper-button-prev\" role=\"button\" tabindex=\"0\" aria-label=\"Previous slide\">\n\t\t\t\t\t\t\t<svg aria-hidden=\"true\" class=\"e-font-icon-svg e-eicon-chevron-left\" viewBox=\"0 0 1000 1000\" xmlns=\"http:\/\/www.w3.org\/2000\/svg\"><path d=\"M646 125C629 125 613 133 604 142L308 442C296 454 292 471 292 487 292 504 296 521 308 533L604 854C617 867 629 875 646 875 663 875 679 871 692 858 704 846 713 829 713 812 713 796 708 779 692 767L438 487 692 225C700 217 708 204 708 187 708 171 704 154 692 142 675 129 663 125 646 125Z\"><\/path><\/svg>\t\t\t\t\t\t<\/div>\n\t\t\t\t\t\t<div class=\"elementor-swiper-button elementor-swiper-button-next\" role=\"button\" tabindex=\"0\" aria-label=\"Next slide\">\n\t\t\t\t\t\t\t<svg aria-hidden=\"true\" class=\"e-font-icon-svg e-eicon-chevron-right\" viewBox=\"0 0 1000 1000\" xmlns=\"http:\/\/www.w3.org\/2000\/svg\"><path d=\"M696 533C708 521 713 504 713 487 713 471 708 454 696 446L400 146C388 133 375 125 354 125 338 125 325 129 313 142 300 154 292 171 292 187 292 204 296 221 308 233L563 492 304 771C292 783 288 800 288 817 288 833 296 850 308 863 321 871 338 875 354 875 371 875 388 867 400 854L696 533Z\"><\/path><\/svg>\t\t\t\t\t\t<\/div>\n\t\t\t\t\t\t\t\t\t\t\t\t\t\t\t\t<div class=\"swiper-pagination\"><\/div>\n\t\t\t\t\t\t\t\t\t\t\t\t<\/div>\n\t\t\t\t<\/div>\n\t\t\t\t\t\t\t\t<\/div>\n\t\t\t\t<\/div>\n\t\t\t\t<\/div>\n\t\t<div class=\"elementor-element elementor-element-d5176f5 e-con-full e-flex e-con e-child\" data-id=\"d5176f5\" data-element_type=\"container\">\n\t\t\t\t<div class=\"elementor-element elementor-element-eef1efa inner_anchor elementor-widget elementor-widget-text-editor\" data-id=\"eef1efa\" data-element_type=\"widget\" data-widget_type=\"text-editor.default\">\n\t\t\t\t<div class=\"elementor-widget-container\">\n\t\t\t\t\t\t\t\t\tEs gibt immer einen Grund zu feiern \u201ewie der weise Partyk\u00f6nig Konfuzius schon lehrte ;)\u201c\t\t\t\t\t\t\t\t<\/div>\n\t\t\t\t<\/div>\n\t\t\t\t<div class=\"elementor-element elementor-element-f8fbab7 elementor-widget elementor-widget-heading\" data-id=\"f8fbab7\" data-element_type=\"widget\" data-widget_type=\"heading.default\">\n\t\t\t\t<div class=\"elementor-widget-container\">\n\t\t\t\t\t<h2 class=\"elementor-heading-title elementor-size-default\">Und im Green Mango erst recht!<\/h2>\t\t\t\t<\/div>\n\t\t\t\t<\/div>\n\t\t\t\t<div class=\"elementor-element elementor-element-f2e4d6c inner_anchor elementor-widget elementor-widget-text-editor\" data-id=\"f2e4d6c\" data-element_type=\"widget\" data-widget_type=\"text-editor.default\">\n\t\t\t\t<div class=\"elementor-widget-container\">\n\t\t\t\t\t\t\t\t\tProbiert es aus! Es lohnt und hat nachhaltig positive Auswirkungen!\t\t\t\t\t\t\t\t<\/div>\n\t\t\t\t<\/div>\n\t\t\t\t<div class=\"elementor-element elementor-element-6dd291c inner_anchor elementor-widget elementor-widget-text-editor\" data-id=\"6dd291c\" data-element_type=\"widget\" data-widget_type=\"text-editor.default\">\n\t\t\t\t<div class=\"elementor-widget-container\">\n\t\t\t\t\t\t\t\t\t<p>Aus den Erfahrungen der letzten Jahre haben wir f\u00fcr Eure Incentive-Veranstaltung ein paar\u00a0<a href=\"https:\/\/greenmango24.com\/firmenpakete\/\" target=\"_blank\" rel=\"noopener\"><span class=\"fusion-highlight dark rounded highlight1\">attraktive Pakete<\/span><\/a>\u00a0zusammengeschn\u00fcrt, die wir Euch f\u00fcr Euer Teamevent gern anbieten m\u00f6chten!<\/p><p>Selbstverst\u00e4ndlich k\u00f6nnen Sie sich auch gern ein\u00a0<a href=\"https:\/\/greenmango24.com\/firmenpakete\/\" target=\"_blank\" rel=\"noopener\"><span class=\"fusion-highlight dark rounded highlight1\">individuelles Angebot<\/span><\/a>\u00a0zusammenstellen, welches wir mit Ihnen gemeinsam angepasst ans Budget kalkulieren.<\/p>\t\t\t\t\t\t\t\t<\/div>\n\t\t\t\t<\/div>\n\t\t\t\t<\/div>\n\t\t\t\t<\/div>\n\t\t\t\t\t<\/div>\n\t\t\t\t<\/div>\n\t\t\t\t<\/div>\n\t\t<div class=\"elementor-element elementor-element-d7c05bb e-con-full e-flex e-con e-parent\" data-id=\"d7c05bb\" data-element_type=\"container\" data-settings=\"{&quot;background_background&quot;:&quot;classic&quot;}\">\n\t\t<div class=\"elementor-element elementor-element-7d6a3ee e-flex e-con-boxed e-con e-child\" data-id=\"7d6a3ee\" data-element_type=\"container\">\n\t\t\t\t\t<div class=\"e-con-inner\">\n\t\t<div class=\"elementor-element elementor-element-bd7a942 e-con-full e-flex e-con e-child\" data-id=\"bd7a942\" data-element_type=\"container\">\n\t\t\t\t<div class=\"elementor-element elementor-element-5e25c20 elementor-widget elementor-widget-heading\" data-id=\"5e25c20\" data-element_type=\"widget\" data-widget_type=\"heading.default\">\n\t\t\t\t<div class=\"elementor-widget-container\">\n\t\t\t\t\t<h2 class=\"elementor-heading-title elementor-size-default\">Ihr plant eine au\u00dfergew\u00f6hnliche Feier oder auch nicht?<\/h2>\t\t\t\t<\/div>\n\t\t\t\t<\/div>\n\t\t\t\t<div class=\"elementor-element elementor-element-5b26a29 inner_anchor elementor-widget elementor-widget-text-editor\" data-id=\"5b26a29\" data-element_type=\"widget\" data-widget_type=\"text-editor.default\">\n\t\t\t\t<div class=\"elementor-widget-container\">\n\t\t\t\t\t\t\t\t\tIhr habt den Grund, wir die Location.\t\t\t\t\t\t\t\t<\/div>\n\t\t\t\t<\/div>\n\t\t\t\t<\/div>\n\t\t<div class=\"elementor-element elementor-element-7927676 e-con-full e-flex e-con e-child\" data-id=\"7927676\" data-element_type=\"container\">\n\t\t\t\t<div class=\"elementor-element elementor-element-c61d16e inner_anchor elementor-widget elementor-widget-text-editor\" data-id=\"c61d16e\" data-element_type=\"widget\" data-widget_type=\"text-editor.default\">\n\t\t\t\t<div class=\"elementor-widget-container\">\n\t\t\t\t\t\t\t\t\t<p>Sprecht uns einfach an, wir beraten euch gerne bei Eurem Vorhaben, entweder \u00fcber unser\u00a0<a href=\"https:\/\/greenmango24.com\/reservierung\/\" target=\"_blank\" rel=\"noopener\"><span class=\"fusion-highlight dark rounded highlight1\">Kontaktformular<\/span><\/a>\u00a0oder ruft\u00a0<a href=\"tel: 03075637393\"><span class=\"fusion-highlight dark rounded highlight1\">030 \u2013 75 63 73 93<\/span><\/a>\u00a0zu den B\u00fcrozeiten an.<\/p>\t\t\t\t\t\t\t\t<\/div>\n\t\t\t\t<\/div>\n\t\t\t\t<\/div>\n\t\t\t\t\t<\/div>\n\t\t\t\t<\/div>\n\t\t\t\t<\/div>\n\t\t\t\t<\/div>\n\t\t","protected":false},"excerpt":{"rendered":"<p>SONSTIGE PARTYS Es gibt immer einen Grund zu feiern \u201ewie der weise Partyk\u00f6nig Konfuzius schon lehrte ;)\u201c Und im Green Mango erst recht! Probiert es aus! Es lohnt und hat nachhaltig positive Auswirkungen! Aus den Erfahrungen der letzten Jahre haben wir f\u00fcr Eure Incentive-Veranstaltung ein paar\u00a0attraktive Pakete\u00a0zusammengeschn\u00fcrt, die wir Euch f\u00fcr Euer Teamevent gern anbieten [&hellip;]<\/p>\n","protected":false},"author":1,"featured_media":0,"parent":0,"menu_order":0,"comment_status":"closed","ping_status":"closed","template":"","meta":{"footnotes":""},"class_list":["post-652","page","type-page","status-publish","hentry"],"_links":{"self":[{"href":"https:\/\/greenmango24.com\/altesmango\/wp-json\/wp\/v2\/pages\/652","targetHints":{"allow":["GET"]}}],"collection":[{"href":"https:\/\/greenmango24.com\/altesmango\/wp-json\/wp\/v2\/pages"}],"about":[{"href":"https:\/\/greenmango24.com\/altesmango\/wp-json\/wp\/v2\/types\/page"}],"author":[{"embeddable":true,"href":"https:\/\/greenmango24.com\/altesmango\/wp-json\/wp\/v2\/users\/1"}],"replies":[{"embeddable":true,"href":"https:\/\/greenmango24.com\/altesmango\/wp-json\/wp\/v2\/comments?post=652"}],"version-history":[{"count":10,"href":"https:\/\/greenmango24.com\/altesmango\/wp-json\/wp\/v2\/pages\/652\/revisions"}],"predecessor-version":[{"id":674,"href":"https:\/\/greenmango24.com\/altesmango\/wp-json\/wp\/v2\/pages\/652\/revisions\/674"}],"wp:attachment":[{"href":"https:\/\/greenmango24.com\/altesmango\/wp-json\/wp\/v2\/media?parent=652"}],"curies":[{"name":"wp","href":"https:\/\/api.w.org\/{rel}","templated":true}]}}