{"id":739,"date":"2025-03-13T18:10:57","date_gmt":"2025-03-13T17:10:57","guid":{"rendered":"https:\/\/greenmango24.com\/altesmango\/?page_id=739"},"modified":"2025-05-16T12:38:27","modified_gmt":"2025-05-16T10:38:27","slug":"ihre-team-weihnachtsfeier-mit-karaoke","status":"publish","type":"page","link":"https:\/\/greenmango24.com\/altesmango\/ihre-team-weihnachtsfeier-mit-karaoke\/","title":{"rendered":"Ihre Team Weihnachtsfeier mit Karaoke"},"content":{"rendered":"\t\t<div data-elementor-type=\"wp-page\" data-elementor-id=\"739\" class=\"elementor elementor-739\" data-elementor-post-type=\"page\">\n\t\t\t\t<div class=\"elementor-element elementor-element-1700b04 e-con-full e-flex e-con e-parent\" data-id=\"1700b04\" data-element_type=\"container\" data-settings=\"{&quot;background_background&quot;:&quot;classic&quot;}\">\n\t\t<div class=\"elementor-element elementor-element-49ce777 e-flex e-con-boxed e-con e-child\" data-id=\"49ce777\" data-element_type=\"container\">\n\t\t\t\t\t<div class=\"e-con-inner\">\n\t\t\t\t<div class=\"elementor-element elementor-element-be28ddc elementor-widget elementor-widget-heading\" data-id=\"be28ddc\" data-element_type=\"widget\" data-widget_type=\"heading.default\">\n\t\t\t\t<div class=\"elementor-widget-container\">\n\t\t\t\t\t<h1 class=\"elementor-heading-title elementor-size-default\">DIE PERFEKTE WEIHNACHTSFEIER <span style=\"color: #ffffff\">MIT KARAOKE<\/span><\/h1>\t\t\t\t<\/div>\n\t\t\t\t<\/div>\n\t\t\t\t\t<\/div>\n\t\t\t\t<\/div>\n\t\t\t\t<\/div>\n\t\t<div class=\"elementor-element elementor-element-cdd8a1f e-con-full e-flex e-con e-parent\" data-id=\"cdd8a1f\" data-element_type=\"container\" data-settings=\"{&quot;background_background&quot;:&quot;classic&quot;}\">\n\t\t<div class=\"elementor-element elementor-element-dbf9b13 e-flex e-con-boxed e-con e-child\" data-id=\"dbf9b13\" data-element_type=\"container\">\n\t\t\t\t\t<div class=\"e-con-inner\">\n\t\t<div class=\"elementor-element elementor-element-c6dd43a e-con-full e-flex e-con e-child\" data-id=\"c6dd43a\" data-element_type=\"container\">\n\t\t<div class=\"elementor-element elementor-element-a5c9e77 e-con-full e-flex e-con e-child\" data-id=\"a5c9e77\" data-element_type=\"container\">\n\t\t\t\t<div class=\"elementor-element elementor-element-4a97765 elementor--h-position-center elementor--v-position-middle elementor-arrows-position-inside elementor-pagination-position-inside elementor-widget elementor-widget-slides\" data-id=\"4a97765\" data-element_type=\"widget\" data-settings=\"{&quot;navigation&quot;:&quot;both&quot;,&quot;autoplay&quot;:&quot;yes&quot;,&quot;pause_on_hover&quot;:&quot;yes&quot;,&quot;pause_on_interaction&quot;:&quot;yes&quot;,&quot;autoplay_speed&quot;:5000,&quot;infinite&quot;:&quot;yes&quot;,&quot;transition&quot;:&quot;slide&quot;,&quot;transition_speed&quot;:500}\" data-widget_type=\"slides.default\">\n\t\t\t\t<div class=\"elementor-widget-container\">\n\t\t\t\t\t\t\t\t\t<div class=\"elementor-swiper\">\n\t\t\t\t\t<div class=\"elementor-slides-wrapper elementor-main-swiper swiper\" role=\"region\" aria-roledescription=\"carousel\" aria-label=\"Slider\" dir=\"ltr\" data-animation=\"\">\n\t\t\t\t<div class=\"swiper-wrapper elementor-slides\">\n\t\t\t\t\t\t\t\t\t\t<div class=\"elementor-repeater-item-410d6f6 swiper-slide\" role=\"group\" aria-roledescription=\"slide\"><div class=\"swiper-slide-bg\" role=\"img\"><\/div><div class=\"swiper-slide-inner\" ><div class=\"swiper-slide-contents\"><\/div><\/div><\/div><div class=\"elementor-repeater-item-00eab03 swiper-slide\" role=\"group\" aria-roledescription=\"slide\"><div class=\"swiper-slide-bg\" role=\"img\"><\/div><div class=\"swiper-slide-inner\" ><div class=\"swiper-slide-contents\"><\/div><\/div><\/div><div class=\"elementor-repeater-item-6add0f8 swiper-slide\" role=\"group\" aria-roledescription=\"slide\"><div class=\"swiper-slide-bg\" role=\"img\"><\/div><div class=\"swiper-slide-inner\" ><div class=\"swiper-slide-contents\"><\/div><\/div><\/div><div class=\"elementor-repeater-item-00abe5a swiper-slide\" role=\"group\" aria-roledescription=\"slide\"><div class=\"swiper-slide-bg\" role=\"img\"><\/div><div class=\"swiper-slide-inner\" ><div class=\"swiper-slide-contents\"><\/div><\/div><\/div><div class=\"elementor-repeater-item-1073bb2 swiper-slide\" role=\"group\" aria-roledescription=\"slide\"><div class=\"swiper-slide-bg\" role=\"img\"><\/div><div class=\"swiper-slide-inner\" ><div class=\"swiper-slide-contents\"><\/div><\/div><\/div><div class=\"elementor-repeater-item-f846443 swiper-slide\" role=\"group\" aria-roledescription=\"slide\"><div class=\"swiper-slide-bg\" role=\"img\"><\/div><div class=\"swiper-slide-inner\" ><div class=\"swiper-slide-contents\"><\/div><\/div><\/div><div class=\"elementor-repeater-item-1cbb2e2 swiper-slide\" role=\"group\" aria-roledescription=\"slide\"><div class=\"swiper-slide-bg\" role=\"img\"><\/div><div class=\"swiper-slide-inner\" ><div class=\"swiper-slide-contents\"><\/div><\/div><\/div><div class=\"elementor-repeater-item-f8d752e swiper-slide\" role=\"group\" aria-roledescription=\"slide\"><div class=\"swiper-slide-bg\" role=\"img\"><\/div><div class=\"swiper-slide-inner\" ><div class=\"swiper-slide-contents\"><\/div><\/div><\/div>\t\t\t\t<\/div>\n\t\t\t\t\t\t\t\t\t\t\t\t\t\t\t<div class=\"elementor-swiper-button elementor-swiper-button-prev\" role=\"button\" tabindex=\"0\" aria-label=\"Previous slide\">\n\t\t\t\t\t\t\t<svg aria-hidden=\"true\" class=\"e-font-icon-svg e-eicon-chevron-left\" viewBox=\"0 0 1000 1000\" xmlns=\"http:\/\/www.w3.org\/2000\/svg\"><path d=\"M646 125C629 125 613 133 604 142L308 442C296 454 292 471 292 487 292 504 296 521 308 533L604 854C617 867 629 875 646 875 663 875 679 871 692 858 704 846 713 829 713 812 713 796 708 779 692 767L438 487 692 225C700 217 708 204 708 187 708 171 704 154 692 142 675 129 663 125 646 125Z\"><\/path><\/svg>\t\t\t\t\t\t<\/div>\n\t\t\t\t\t\t<div class=\"elementor-swiper-button elementor-swiper-button-next\" role=\"button\" tabindex=\"0\" aria-label=\"Next slide\">\n\t\t\t\t\t\t\t<svg aria-hidden=\"true\" class=\"e-font-icon-svg e-eicon-chevron-right\" viewBox=\"0 0 1000 1000\" xmlns=\"http:\/\/www.w3.org\/2000\/svg\"><path d=\"M696 533C708 521 713 504 713 487 713 471 708 454 696 446L400 146C388 133 375 125 354 125 338 125 325 129 313 142 300 154 292 171 292 187 292 204 296 221 308 233L563 492 304 771C292 783 288 800 288 817 288 833 296 850 308 863 321 871 338 875 354 875 371 875 388 867 400 854L696 533Z\"><\/path><\/svg>\t\t\t\t\t\t<\/div>\n\t\t\t\t\t\t\t\t\t\t\t\t\t\t\t\t<div class=\"swiper-pagination\"><\/div>\n\t\t\t\t\t\t\t\t\t\t\t\t<\/div>\n\t\t\t\t<\/div>\n\t\t\t\t\t\t\t\t<\/div>\n\t\t\t\t<\/div>\n\t\t\t\t<\/div>\n\t\t<div class=\"elementor-element elementor-element-16c6d7f e-con-full e-flex e-con e-child\" data-id=\"16c6d7f\" data-element_type=\"container\">\n\t\t\t\t<div class=\"elementor-element elementor-element-6bebe46 inner_anchor elementor-widget elementor-widget-text-editor\" data-id=\"6bebe46\" data-element_type=\"widget\" data-widget_type=\"text-editor.default\">\n\t\t\t\t<div class=\"elementor-widget-container\">\n\t\t\t\t\t\t\t\t\tVon der Putzfrau bis zum Big Boss\u2026\t\t\t\t\t\t\t\t<\/div>\n\t\t\t\t<\/div>\n\t\t\t\t<div class=\"elementor-element elementor-element-2b34ccf elementor-widget elementor-widget-heading\" data-id=\"2b34ccf\" data-element_type=\"widget\" data-widget_type=\"heading.default\">\n\t\t\t\t<div class=\"elementor-widget-container\">\n\t\t\t\t\t<h2 class=\"elementor-heading-title elementor-size-default\">Bei uns sind alle gleich und singen!<\/h2>\t\t\t\t<\/div>\n\t\t\t\t<\/div>\n\t\t\t\t<div class=\"elementor-element elementor-element-d8a0ae8 inner_anchor elementor-widget elementor-widget-text-editor\" data-id=\"d8a0ae8\" data-element_type=\"widget\" data-widget_type=\"text-editor.default\">\n\t\t\t\t<div class=\"elementor-widget-container\">\n\t\t\t\t\t\t\t\t\tDieses Jahr wollen sie mal eine \u201eetwas andere Weihnachtsfeier\u201c erleben? Dann planen Sie gern die perfekte Weihnachtsfeier mit Karaoke im Green Mango.\t\t\t\t\t\t\t\t<\/div>\n\t\t\t\t<\/div>\n\t\t\t\t<\/div>\n\t\t\t\t<\/div>\n\t\t<div class=\"elementor-element elementor-element-9fe948a e-con-full e-flex e-con e-child\" data-id=\"9fe948a\" data-element_type=\"container\">\n\t\t\t\t<div class=\"elementor-element elementor-element-a824b44 elementor-widget elementor-widget-heading\" data-id=\"a824b44\" data-element_type=\"widget\" data-widget_type=\"heading.default\">\n\t\t\t\t<div class=\"elementor-widget-container\">\n\t\t\t\t\t<h2 class=\"elementor-heading-title elementor-size-default\">Wir bieten ihnen eine super Location,\u2026<\/h2>\t\t\t\t<\/div>\n\t\t\t\t<\/div>\n\t\t\t\t<div class=\"elementor-element elementor-element-ec5b538 inner_anchor elementor-widget elementor-widget-text-editor\" data-id=\"ec5b538\" data-element_type=\"widget\" data-widget_type=\"text-editor.default\">\n\t\t\t\t<div class=\"elementor-widget-container\">\n\t\t\t\t\t\t\t\t\t<p>mit au\u00dfergew\u00f6hnlichen Speisen: reichaltiges Deutsch-Thail\u00e4ndisches\u00a0<a href=\"https:\/\/greenmango24.com\/speisen\/\" target=\"_blank\" rel=\"noopener noreferrer\"><span class=\"fusion-highlight dark rounded highlight1\">\u201eBuffet\u201c<\/span><\/a>\u00a0-, eine klasse Auswahl an\u00a0<a href=\"https:\/\/greenmango24.com\/unsere-getraenkekarte-ein-blick-lohnt-sich-immer\/\" target=\"_blank\" rel=\"noopener noreferrer\"><span class=\"fusion-highlight dark rounded highlight1\">Getr\u00e4nken<\/span><\/a>, ein tolles Team und vor allem \u201ebombastische\u201c Stimmung. Ein Budget-orientiertes Weihnachts-Party-Paket rundet Ihr Firmenerlebnis ab!<\/p>\t\t\t\t\t\t\t\t<\/div>\n\t\t\t\t<\/div>\n\t\t\t\t<\/div>\n\t\t<div class=\"elementor-element elementor-element-7012462 e-con-full e-flex e-con e-child\" data-id=\"7012462\" data-element_type=\"container\">\n\t\t\t\t<div class=\"elementor-element elementor-element-8a4286a elementor-widget elementor-widget-heading\" data-id=\"8a4286a\" data-element_type=\"widget\" data-widget_type=\"heading.default\">\n\t\t\t\t<div class=\"elementor-widget-container\">\n\t\t\t\t\t<h2 class=\"elementor-heading-title elementor-size-default\">Etwa 600m\u00b2\u2026<\/h2>\t\t\t\t<\/div>\n\t\t\t\t<\/div>\n\t\t\t\t<div class=\"elementor-element elementor-element-9739f0d inner_anchor elementor-widget elementor-widget-text-editor\" data-id=\"9739f0d\" data-element_type=\"widget\" data-widget_type=\"text-editor.default\">\n\t\t\t\t<div class=\"elementor-widget-container\">\n\t\t\t\t\t\t\t\t\t<p>stehen Ihnen und Ihrem Team einschl. Captains Lounge und Beambox zur Verf\u00fcgung bei einer Kapazit\u00e4t von ca. 300 Pl\u00e4tzen!<br \/>Die Einrichtung, das gesamte Ambiente und der Ablauf dieses Abends werden Sie und Ihr Team begeistern!<\/p>\t\t\t\t\t\t\t\t<\/div>\n\t\t\t\t<\/div>\n\t\t\t\t<\/div>\n\t\t<div class=\"elementor-element elementor-element-e53ee2e e-con-full e-flex e-con e-child\" data-id=\"e53ee2e\" data-element_type=\"container\">\n\t\t\t\t<div class=\"elementor-element elementor-element-7bbd853 elementor-widget elementor-widget-heading\" data-id=\"7bbd853\" data-element_type=\"widget\" data-widget_type=\"heading.default\">\n\t\t\t\t<div class=\"elementor-widget-container\">\n\t\t\t\t\t<h2 class=\"elementor-heading-title elementor-size-default\">F\u00fcr die meisten Firmen\u2026<\/h2>\t\t\t\t<\/div>\n\t\t\t\t<\/div>\n\t\t\t\t<div class=\"elementor-element elementor-element-2a69f56 inner_anchor elementor-widget elementor-widget-text-editor\" data-id=\"2a69f56\" data-element_type=\"widget\" data-widget_type=\"text-editor.default\">\n\t\t\t\t<div class=\"elementor-widget-container\">\n\t\t\t\t\t\t\t\t\t<p>ist die Weihnachtsfeier mit den Mitarbeitern und dem Team das absolute Highlight des Jahres! Daf\u00fcr stellen einige Firmen und Institutionen Budgets auf, welche genutzt werden wollen. Wir stellen uns auf Ihr Budget ein und fertigen genau das passende Angebot f\u00fcr Sie an.<\/p><p>Der Vorteil der\u00a0Buchung eines\u00a0<a href=\"https:\/\/greenmango24.com\/partypakete\/\" target=\"_blank\" rel=\"noopener noreferrer\"><span class=\"fusion-highlight dark rounded highlight1\">Weihnachtsfeier Pakets<\/span><\/a>\u00a0f\u00fcr Eure perfekten Abend ist klar! \u00dcberschaubare Kosten, angenehm fairer Nachlass und eine optimale und sichere Organisation (Vorplanung) f\u00fcr den Abend.<\/p>\t\t\t\t\t\t\t\t<\/div>\n\t\t\t\t<\/div>\n\t\t\t\t<\/div>\n\t\t<div class=\"elementor-element elementor-element-5709c3f e-con-full e-flex e-con e-child\" data-id=\"5709c3f\" data-element_type=\"container\">\n\t\t\t\t<div class=\"elementor-element elementor-element-6861ead elementor-widget elementor-widget-heading\" data-id=\"6861ead\" data-element_type=\"widget\" data-widget_type=\"heading.default\">\n\t\t\t\t<div class=\"elementor-widget-container\">\n\t\t\t\t\t<h2 class=\"elementor-heading-title elementor-size-default\">Testen Sie uns!!!<\/h2>\t\t\t\t<\/div>\n\t\t\t\t<\/div>\n\t\t\t\t<div class=\"elementor-element elementor-element-38224da inner_anchor elementor-widget elementor-widget-text-editor\" data-id=\"38224da\" data-element_type=\"widget\" data-widget_type=\"text-editor.default\">\n\t\t\t\t<div class=\"elementor-widget-container\">\n\t\t\t\t\t\t\t\t\tWir sind bereit und freuen uns auf Sie!\t\t\t\t\t\t\t\t<\/div>\n\t\t\t\t<\/div>\n\t\t\t\t<\/div>\n\t\t\t\t\t<\/div>\n\t\t\t\t<\/div>\n\t\t\t\t<\/div>\n\t\t<div class=\"elementor-element elementor-element-b41c3a5 e-con-full e-flex e-con e-parent\" data-id=\"b41c3a5\" data-element_type=\"container\" data-settings=\"{&quot;background_background&quot;:&quot;classic&quot;}\">\n\t\t<div class=\"elementor-element elementor-element-bb2c92f e-flex e-con-boxed e-con e-child\" data-id=\"bb2c92f\" data-element_type=\"container\">\n\t\t\t\t\t<div class=\"e-con-inner\">\n\t\t\t\t<div class=\"elementor-element elementor-element-8181a11 elementor-widget elementor-widget-heading\" data-id=\"8181a11\" data-element_type=\"widget\" data-widget_type=\"heading.default\">\n\t\t\t\t<div class=\"elementor-widget-container\">\n\t\t\t\t\t<h1 class=\"elementor-heading-title elementor-size-default\">Referenzen<\/h1>\t\t\t\t<\/div>\n\t\t\t\t<\/div>\n\t\t\t\t\t<\/div>\n\t\t\t\t<\/div>\n\t\t\t\t<\/div>\n\t\t<div class=\"elementor-element elementor-element-ee44392 e-con-full e-flex e-con e-parent\" data-id=\"ee44392\" data-element_type=\"container\" data-settings=\"{&quot;background_background&quot;:&quot;classic&quot;}\">\n\t\t<div class=\"elementor-element elementor-element-f71a4dc e-flex e-con-boxed e-con e-child\" data-id=\"f71a4dc\" data-element_type=\"container\">\n\t\t\t\t\t<div class=\"e-con-inner\">\n\t\t\t\t<div class=\"elementor-element elementor-element-9f02f50 inner_anchor elementor-widget elementor-widget-text-editor\" data-id=\"9f02f50\" data-element_type=\"widget\" data-widget_type=\"text-editor.default\">\n\t\t\t\t<div class=\"elementor-widget-container\">\n\t\t\t\t\t\t\t\t\t<p>Diese Firmen haben bereits unter anderen bei uns gefeiert:<\/p>\t\t\t\t\t\t\t\t<\/div>\n\t\t\t\t<\/div>\n\t\t\t\t<div class=\"elementor-element elementor-element-7b3f082 elementor-widget elementor-widget-image-carousel\" data-id=\"7b3f082\" data-element_type=\"widget\" data-settings=\"{&quot;slides_to_show&quot;:&quot;5&quot;,&quot;slides_to_show_tablet&quot;:&quot;3&quot;,&quot;slides_to_scroll&quot;:&quot;1&quot;,&quot;navigation&quot;:&quot;none&quot;,&quot;autoplay&quot;:&quot;yes&quot;,&quot;pause_on_hover&quot;:&quot;yes&quot;,&quot;pause_on_interaction&quot;:&quot;yes&quot;,&quot;autoplay_speed&quot;:5000,&quot;infinite&quot;:&quot;yes&quot;,&quot;speed&quot;:500}\" data-widget_type=\"image-carousel.default\">\n\t\t\t\t<div class=\"elementor-widget-container\">\n\t\t\t\t\t\t\t<div class=\"elementor-image-carousel-wrapper swiper\" role=\"region\" aria-roledescription=\"carousel\" aria-label=\"Bild Karussell\" dir=\"ltr\">\n\t\t\t<div class=\"elementor-image-carousel swiper-wrapper\" aria-live=\"off\">\n\t\t\t\t\t\t\t\t<div class=\"swiper-slide\" role=\"group\" aria-roledescription=\"slide\" aria-label=\"1 von 24\"><figure class=\"swiper-slide-inner\"><img decoding=\"async\" class=\"swiper-slide-image\" src=\"https:\/\/greenmango24.com\/altesmango\/wp-content\/uploads\/2025\/03\/alba-berlin.jpg\" alt=\"alba-berlin\" \/><\/figure><\/div><div class=\"swiper-slide\" role=\"group\" aria-roledescription=\"slide\" aria-label=\"2 von 24\"><figure class=\"swiper-slide-inner\"><img decoding=\"async\" class=\"swiper-slide-image\" src=\"https:\/\/greenmango24.com\/altesmango\/wp-content\/uploads\/2025\/03\/aldi.jpg\" alt=\"aldi\" \/><\/figure><\/div><div class=\"swiper-slide\" role=\"group\" aria-roledescription=\"slide\" aria-label=\"3 von 24\"><figure class=\"swiper-slide-inner\"><img decoding=\"async\" class=\"swiper-slide-image\" src=\"https:\/\/greenmango24.com\/altesmango\/wp-content\/uploads\/2025\/03\/BB-Hotels.jpg\" alt=\"BB-Hotels\" \/><\/figure><\/div><div class=\"swiper-slide\" role=\"group\" aria-roledescription=\"slide\" aria-label=\"4 von 24\"><figure class=\"swiper-slide-inner\"><img decoding=\"async\" class=\"swiper-slide-image\" src=\"https:\/\/greenmango24.com\/altesmango\/wp-content\/uploads\/2025\/03\/berliner-feuerwehr.jpg\" alt=\"berliner-feuerwehr\" \/><\/figure><\/div><div class=\"swiper-slide\" role=\"group\" aria-roledescription=\"slide\" aria-label=\"5 von 24\"><figure class=\"swiper-slide-inner\"><img decoding=\"async\" class=\"swiper-slide-image\" src=\"https:\/\/greenmango24.com\/altesmango\/wp-content\/uploads\/2025\/03\/Berliner-Polizei.jpg\" alt=\"Berliner-Polizei\" \/><\/figure><\/div><div class=\"swiper-slide\" role=\"group\" aria-roledescription=\"slide\" aria-label=\"6 von 24\"><figure class=\"swiper-slide-inner\"><img decoding=\"async\" class=\"swiper-slide-image\" src=\"https:\/\/greenmango24.com\/altesmango\/wp-content\/uploads\/2025\/03\/berliner-stadtreinigungen.jpg\" alt=\"berliner-stadtreinigungen\" \/><\/figure><\/div><div class=\"swiper-slide\" role=\"group\" aria-roledescription=\"slide\" aria-label=\"7 von 24\"><figure class=\"swiper-slide-inner\"><img decoding=\"async\" class=\"swiper-slide-image\" src=\"https:\/\/greenmango24.com\/altesmango\/wp-content\/uploads\/2025\/03\/BerlinerVolksbank.jpg\" alt=\"BerlinerVolksbank\" \/><\/figure><\/div><div class=\"swiper-slide\" role=\"group\" aria-roledescription=\"slide\" aria-label=\"8 von 24\"><figure class=\"swiper-slide-inner\"><img decoding=\"async\" class=\"swiper-slide-image\" src=\"https:\/\/greenmango24.com\/altesmango\/wp-content\/uploads\/2025\/03\/BMW.jpg\" alt=\"BMW\" \/><\/figure><\/div><div class=\"swiper-slide\" role=\"group\" aria-roledescription=\"slide\" aria-label=\"9 von 24\"><figure class=\"swiper-slide-inner\"><img decoding=\"async\" class=\"swiper-slide-image\" src=\"https:\/\/greenmango24.com\/altesmango\/wp-content\/uploads\/2025\/03\/charite.jpg\" alt=\"charite\" \/><\/figure><\/div><div class=\"swiper-slide\" role=\"group\" aria-roledescription=\"slide\" aria-label=\"10 von 24\"><figure class=\"swiper-slide-inner\"><img decoding=\"async\" class=\"swiper-slide-image\" src=\"https:\/\/greenmango24.com\/altesmango\/wp-content\/uploads\/2025\/03\/cocacola.jpg\" alt=\"cocacola\" \/><\/figure><\/div><div class=\"swiper-slide\" role=\"group\" aria-roledescription=\"slide\" aria-label=\"11 von 24\"><figure class=\"swiper-slide-inner\"><img decoding=\"async\" class=\"swiper-slide-image\" src=\"https:\/\/greenmango24.com\/altesmango\/wp-content\/uploads\/2025\/03\/commerzbank.jpg\" alt=\"commerzbank\" \/><\/figure><\/div><div class=\"swiper-slide\" role=\"group\" aria-roledescription=\"slide\" aria-label=\"12 von 24\"><figure class=\"swiper-slide-inner\"><img decoding=\"async\" class=\"swiper-slide-image\" src=\"https:\/\/greenmango24.com\/altesmango\/wp-content\/uploads\/2025\/03\/daimler.jpg\" alt=\"daimler\" \/><\/figure><\/div><div class=\"swiper-slide\" role=\"group\" aria-roledescription=\"slide\" aria-label=\"13 von 24\"><figure class=\"swiper-slide-inner\"><img decoding=\"async\" class=\"swiper-slide-image\" src=\"https:\/\/greenmango24.com\/altesmango\/wp-content\/uploads\/2025\/03\/deutscheBank.jpg\" alt=\"deutscheBank\" \/><\/figure><\/div><div class=\"swiper-slide\" role=\"group\" aria-roledescription=\"slide\" aria-label=\"14 von 24\"><figure class=\"swiper-slide-inner\"><img decoding=\"async\" class=\"swiper-slide-image\" src=\"https:\/\/greenmango24.com\/altesmango\/wp-content\/uploads\/2025\/03\/Deutsche-wein-marketing.jpg\" alt=\"Deutsche-wein-marketing\" \/><\/figure><\/div><div class=\"swiper-slide\" role=\"group\" aria-roledescription=\"slide\" aria-label=\"15 von 24\"><figure class=\"swiper-slide-inner\"><img decoding=\"async\" class=\"swiper-slide-image\" src=\"https:\/\/greenmango24.com\/altesmango\/wp-content\/uploads\/2025\/03\/flixbus.jpg\" alt=\"flixbus\" \/><\/figure><\/div><div class=\"swiper-slide\" role=\"group\" aria-roledescription=\"slide\" aria-label=\"16 von 24\"><figure class=\"swiper-slide-inner\"><img decoding=\"async\" class=\"swiper-slide-image\" src=\"https:\/\/greenmango24.com\/altesmango\/wp-content\/uploads\/2025\/03\/fossil.jpg\" alt=\"fossil\" \/><\/figure><\/div><div class=\"swiper-slide\" role=\"group\" aria-roledescription=\"slide\" aria-label=\"17 von 24\"><figure class=\"swiper-slide-inner\"><img decoding=\"async\" class=\"swiper-slide-image\" src=\"https:\/\/greenmango24.com\/altesmango\/wp-content\/uploads\/2025\/03\/hertha-bsc-berlin.jpg\" alt=\"hertha-bsc-berlin\" \/><\/figure><\/div><div class=\"swiper-slide\" role=\"group\" aria-roledescription=\"slide\" aria-label=\"18 von 24\"><figure class=\"swiper-slide-inner\"><img decoding=\"async\" class=\"swiper-slide-image\" src=\"https:\/\/greenmango24.com\/altesmango\/wp-content\/uploads\/2025\/03\/lidl.jpg\" alt=\"lidl\" \/><\/figure><\/div><div class=\"swiper-slide\" role=\"group\" aria-roledescription=\"slide\" aria-label=\"19 von 24\"><figure class=\"swiper-slide-inner\"><img decoding=\"async\" class=\"swiper-slide-image\" src=\"https:\/\/greenmango24.com\/altesmango\/wp-content\/uploads\/2025\/03\/Mcdonalds.jpg\" alt=\"Mcdonalds\" \/><\/figure><\/div><div class=\"swiper-slide\" role=\"group\" aria-roledescription=\"slide\" aria-label=\"20 von 24\"><figure class=\"swiper-slide-inner\"><img decoding=\"async\" class=\"swiper-slide-image\" src=\"https:\/\/greenmango24.com\/altesmango\/wp-content\/uploads\/2025\/03\/mercedes.jpg\" alt=\"mercedes\" \/><\/figure><\/div><div class=\"swiper-slide\" role=\"group\" aria-roledescription=\"slide\" aria-label=\"21 von 24\"><figure class=\"swiper-slide-inner\"><img decoding=\"async\" class=\"swiper-slide-image\" src=\"https:\/\/greenmango24.com\/altesmango\/wp-content\/uploads\/2025\/03\/pull-and-bear.jpg\" alt=\"pull-and-bear\" \/><\/figure><\/div><div class=\"swiper-slide\" role=\"group\" aria-roledescription=\"slide\" aria-label=\"22 von 24\"><figure class=\"swiper-slide-inner\"><img decoding=\"async\" class=\"swiper-slide-image\" src=\"https:\/\/greenmango24.com\/altesmango\/wp-content\/uploads\/2025\/03\/securitas.jpg\" alt=\"securitas\" \/><\/figure><\/div><div class=\"swiper-slide\" role=\"group\" aria-roledescription=\"slide\" aria-label=\"23 von 24\"><figure class=\"swiper-slide-inner\"><img decoding=\"async\" class=\"swiper-slide-image\" src=\"https:\/\/greenmango24.com\/altesmango\/wp-content\/uploads\/2025\/03\/sparkasse.jpg\" alt=\"sparkasse\" \/><\/figure><\/div><div class=\"swiper-slide\" role=\"group\" aria-roledescription=\"slide\" aria-label=\"24 von 24\"><figure class=\"swiper-slide-inner\"><img decoding=\"async\" class=\"swiper-slide-image\" src=\"https:\/\/greenmango24.com\/altesmango\/wp-content\/uploads\/2025\/03\/vattenfall.jpg\" alt=\"vattenfall\" \/><\/figure><\/div>\t\t\t<\/div>\n\t\t\t\t\t\t\t\n\t\t\t\t\t\t\t\t\t<\/div>\n\t\t\t\t\t\t<\/div>\n\t\t\t\t<\/div>\n\t\t\t\t\t<\/div>\n\t\t\t\t<\/div>\n\t\t\t\t<\/div>\n\t\t\t\t<\/div>\n\t\t","protected":false},"excerpt":{"rendered":"<p>DIE PERFEKTE WEIHNACHTSFEIER MIT KARAOKE Von der Putzfrau bis zum Big Boss\u2026 Bei uns sind alle gleich und singen! Dieses Jahr wollen sie mal eine \u201eetwas andere Weihnachtsfeier\u201c erleben? Dann planen Sie gern die perfekte Weihnachtsfeier mit Karaoke im Green Mango. Wir bieten ihnen eine super Location,\u2026 mit au\u00dfergew\u00f6hnlichen Speisen: reichaltiges Deutsch-Thail\u00e4ndisches\u00a0\u201eBuffet\u201c\u00a0-, eine klasse Auswahl [&hellip;]<\/p>\n","protected":false},"author":2,"featured_media":0,"parent":0,"menu_order":0,"comment_status":"closed","ping_status":"closed","template":"","meta":{"footnotes":""},"class_list":["post-739","page","type-page","status-publish","hentry"],"_links":{"self":[{"href":"https:\/\/greenmango24.com\/altesmango\/wp-json\/wp\/v2\/pages\/739","targetHints":{"allow":["GET"]}}],"collection":[{"href":"https:\/\/greenmango24.com\/altesmango\/wp-json\/wp\/v2\/pages"}],"about":[{"href":"https:\/\/greenmango24.com\/altesmango\/wp-json\/wp\/v2\/types\/page"}],"author":[{"embeddable":true,"href":"https:\/\/greenmango24.com\/altesmango\/wp-json\/wp\/v2\/users\/2"}],"replies":[{"embeddable":true,"href":"https:\/\/greenmango24.com\/altesmango\/wp-json\/wp\/v2\/comments?post=739"}],"version-history":[{"count":10,"href":"https:\/\/greenmango24.com\/altesmango\/wp-json\/wp\/v2\/pages\/739\/revisions"}],"predecessor-version":[{"id":4926,"href":"https:\/\/greenmango24.com\/altesmango\/wp-json\/wp\/v2\/pages\/739\/revisions\/4926"}],"wp:attachment":[{"href":"https:\/\/greenmango24.com\/altesmango\/wp-json\/wp\/v2\/media?parent=739"}],"curies":[{"name":"wp","href":"https:\/\/api.w.org\/{rel}","templated":true}]}}