{"id":757,"date":"2025-03-29T21:35:41","date_gmt":"2025-03-29T20:35:41","guid":{"rendered":"https:\/\/greenmango24.com\/altesmango\/?page_id=757"},"modified":"2025-05-23T11:01:09","modified_gmt":"2025-05-23T09:01:09","slug":"die-karaoke-beambox","status":"publish","type":"page","link":"https:\/\/greenmango24.com\/altesmango\/die-karaoke-beambox\/","title":{"rendered":"BeamBox (6-8 Personen)"},"content":{"rendered":"\t\t<div data-elementor-type=\"wp-page\" data-elementor-id=\"757\" class=\"elementor elementor-757\" data-elementor-post-type=\"page\">\n\t\t\t\t<div class=\"elementor-element elementor-element-d5b35b3 e-con-full e-flex e-con e-parent\" data-id=\"d5b35b3\" data-element_type=\"container\" data-settings=\"{&quot;background_background&quot;:&quot;classic&quot;}\">\n\t\t<div class=\"elementor-element elementor-element-7f27def e-flex e-con-boxed e-con e-child\" data-id=\"7f27def\" data-element_type=\"container\">\n\t\t\t\t\t<div class=\"e-con-inner\">\n\t\t\t\t<div class=\"elementor-element elementor-element-9141c27 elementor-widget elementor-widget-heading\" data-id=\"9141c27\" data-element_type=\"widget\" data-widget_type=\"heading.default\">\n\t\t\t\t<div class=\"elementor-widget-container\">\n\t\t\t\t\t<h1 class=\"elementor-heading-title elementor-size-default\">DIE KARAOKE <span style=\"color: #ffffff\">BEAMBOX<\/span> <\/h1>\t\t\t\t<\/div>\n\t\t\t\t<\/div>\n\t\t\t\t\t<\/div>\n\t\t\t\t<\/div>\n\t\t\t\t<\/div>\n\t\t<div class=\"elementor-element elementor-element-026847d e-con-full e-flex e-con e-parent\" data-id=\"026847d\" data-element_type=\"container\" data-settings=\"{&quot;background_background&quot;:&quot;classic&quot;}\">\n\t\t<div class=\"elementor-element elementor-element-5365802 e-flex e-con-boxed e-con e-child\" data-id=\"5365802\" data-element_type=\"container\">\n\t\t\t\t\t<div class=\"e-con-inner\">\n\t\t<div class=\"elementor-element elementor-element-7a3ca05 e-con-full e-flex e-con e-child\" data-id=\"7a3ca05\" data-element_type=\"container\" data-settings=\"{&quot;background_background&quot;:&quot;classic&quot;}\">\n\t\t<div class=\"elementor-element elementor-element-fb40bba e-con-full e-flex e-con e-child\" data-id=\"fb40bba\" data-element_type=\"container\">\n\t\t\t\t<div class=\"elementor-element elementor-element-ff5ed0f elementor--h-position-center elementor--v-position-middle elementor-arrows-position-inside elementor-pagination-position-inside elementor-widget elementor-widget-slides\" data-id=\"ff5ed0f\" data-element_type=\"widget\" data-settings=\"{&quot;navigation&quot;:&quot;both&quot;,&quot;autoplay&quot;:&quot;yes&quot;,&quot;pause_on_hover&quot;:&quot;yes&quot;,&quot;pause_on_interaction&quot;:&quot;yes&quot;,&quot;autoplay_speed&quot;:5000,&quot;infinite&quot;:&quot;yes&quot;,&quot;transition&quot;:&quot;slide&quot;,&quot;transition_speed&quot;:500}\" data-widget_type=\"slides.default\">\n\t\t\t\t<div class=\"elementor-widget-container\">\n\t\t\t\t\t\t\t\t\t<div class=\"elementor-swiper\">\n\t\t\t\t\t<div class=\"elementor-slides-wrapper elementor-main-swiper swiper\" role=\"region\" aria-roledescription=\"carousel\" aria-label=\"Slider\" dir=\"ltr\" data-animation=\"\">\n\t\t\t\t<div class=\"swiper-wrapper elementor-slides\">\n\t\t\t\t\t\t\t\t\t\t<div class=\"elementor-repeater-item-c41d48b swiper-slide\" role=\"group\" aria-roledescription=\"slide\"><div class=\"swiper-slide-bg\" role=\"img\"><\/div><div class=\"swiper-slide-inner\" ><div class=\"swiper-slide-contents\"><\/div><\/div><\/div><div class=\"elementor-repeater-item-5c22b33 swiper-slide\" role=\"group\" aria-roledescription=\"slide\"><div class=\"swiper-slide-bg\" role=\"img\"><\/div><div class=\"swiper-slide-inner\" ><div class=\"swiper-slide-contents\"><\/div><\/div><\/div><div class=\"elementor-repeater-item-d720e2b swiper-slide\" role=\"group\" aria-roledescription=\"slide\"><div class=\"swiper-slide-bg\" role=\"img\"><\/div><div class=\"swiper-slide-inner\" ><div class=\"swiper-slide-contents\"><\/div><\/div><\/div><div class=\"elementor-repeater-item-89387a7 swiper-slide\" role=\"group\" aria-roledescription=\"slide\"><div class=\"swiper-slide-bg\" role=\"img\"><\/div><div class=\"swiper-slide-inner\" ><div class=\"swiper-slide-contents\"><\/div><\/div><\/div><div class=\"elementor-repeater-item-eadc99c swiper-slide\" role=\"group\" aria-roledescription=\"slide\"><div class=\"swiper-slide-bg\" role=\"img\"><\/div><div class=\"swiper-slide-inner\" ><div class=\"swiper-slide-contents\"><\/div><\/div><\/div><div class=\"elementor-repeater-item-2fce9a3 swiper-slide\" role=\"group\" aria-roledescription=\"slide\"><div class=\"swiper-slide-bg\" role=\"img\"><\/div><div class=\"swiper-slide-inner\" ><div class=\"swiper-slide-contents\"><\/div><\/div><\/div><div class=\"elementor-repeater-item-4e85798 swiper-slide\" role=\"group\" aria-roledescription=\"slide\"><div class=\"swiper-slide-bg\" role=\"img\"><\/div><div class=\"swiper-slide-inner\" ><div class=\"swiper-slide-contents\"><\/div><\/div><\/div><div class=\"elementor-repeater-item-0b1b892 swiper-slide\" role=\"group\" aria-roledescription=\"slide\"><div class=\"swiper-slide-bg\" role=\"img\"><\/div><div class=\"swiper-slide-inner\" ><div class=\"swiper-slide-contents\"><\/div><\/div><\/div><div class=\"elementor-repeater-item-38375a3 swiper-slide\" role=\"group\" aria-roledescription=\"slide\"><div class=\"swiper-slide-bg\" role=\"img\"><\/div><div class=\"swiper-slide-inner\" ><div class=\"swiper-slide-contents\"><\/div><\/div><\/div><div class=\"elementor-repeater-item-11565ef swiper-slide\" role=\"group\" aria-roledescription=\"slide\"><div class=\"swiper-slide-bg\" role=\"img\"><\/div><div class=\"swiper-slide-inner\" ><div class=\"swiper-slide-contents\"><\/div><\/div><\/div><div class=\"elementor-repeater-item-91465a3 swiper-slide\" role=\"group\" aria-roledescription=\"slide\"><div class=\"swiper-slide-bg\" role=\"img\"><\/div><div class=\"swiper-slide-inner\" ><div class=\"swiper-slide-contents\"><\/div><\/div><\/div><div class=\"elementor-repeater-item-ae4ab4e swiper-slide\" role=\"group\" aria-roledescription=\"slide\"><div class=\"swiper-slide-bg\" role=\"img\"><\/div><div class=\"swiper-slide-inner\" ><div class=\"swiper-slide-contents\"><\/div><\/div><\/div><div class=\"elementor-repeater-item-ba6cf6d swiper-slide\" role=\"group\" aria-roledescription=\"slide\"><div class=\"swiper-slide-bg\" role=\"img\"><\/div><div class=\"swiper-slide-inner\" ><div class=\"swiper-slide-contents\"><\/div><\/div><\/div>\t\t\t\t<\/div>\n\t\t\t\t\t\t\t\t\t\t\t\t\t\t\t<div class=\"elementor-swiper-button elementor-swiper-button-prev\" role=\"button\" tabindex=\"0\" aria-label=\"Previous slide\">\n\t\t\t\t\t\t\t<svg aria-hidden=\"true\" class=\"e-font-icon-svg e-eicon-chevron-left\" viewBox=\"0 0 1000 1000\" xmlns=\"http:\/\/www.w3.org\/2000\/svg\"><path d=\"M646 125C629 125 613 133 604 142L308 442C296 454 292 471 292 487 292 504 296 521 308 533L604 854C617 867 629 875 646 875 663 875 679 871 692 858 704 846 713 829 713 812 713 796 708 779 692 767L438 487 692 225C700 217 708 204 708 187 708 171 704 154 692 142 675 129 663 125 646 125Z\"><\/path><\/svg>\t\t\t\t\t\t<\/div>\n\t\t\t\t\t\t<div class=\"elementor-swiper-button elementor-swiper-button-next\" role=\"button\" tabindex=\"0\" aria-label=\"Next slide\">\n\t\t\t\t\t\t\t<svg aria-hidden=\"true\" class=\"e-font-icon-svg e-eicon-chevron-right\" viewBox=\"0 0 1000 1000\" xmlns=\"http:\/\/www.w3.org\/2000\/svg\"><path d=\"M696 533C708 521 713 504 713 487 713 471 708 454 696 446L400 146C388 133 375 125 354 125 338 125 325 129 313 142 300 154 292 171 292 187 292 204 296 221 308 233L563 492 304 771C292 783 288 800 288 817 288 833 296 850 308 863 321 871 338 875 354 875 371 875 388 867 400 854L696 533Z\"><\/path><\/svg>\t\t\t\t\t\t<\/div>\n\t\t\t\t\t\t\t\t\t\t\t\t\t\t\t\t<div class=\"swiper-pagination\"><\/div>\n\t\t\t\t\t\t\t\t\t\t\t\t<\/div>\n\t\t\t\t<\/div>\n\t\t\t\t\t\t\t\t<\/div>\n\t\t\t\t<\/div>\n\t\t\t\t<\/div>\n\t\t<div class=\"elementor-element elementor-element-daf4edb e-con-full e-flex e-con e-child\" data-id=\"daf4edb\" data-element_type=\"container\">\n\t\t\t\t<div class=\"elementor-element elementor-element-c5e015c elementor-widget elementor-widget-heading\" data-id=\"c5e015c\" data-element_type=\"widget\" data-widget_type=\"heading.default\">\n\t\t\t\t<div class=\"elementor-widget-container\">\n\t\t\t\t\t<h2 class=\"elementor-heading-title elementor-size-default\">Gem\u00fctlich unter Freunden: die Karaoke BeamBox f\u00fcr 6-8 Personen!<\/h2>\t\t\t\t<\/div>\n\t\t\t\t<\/div>\n\t\t\t\t<\/div>\n\t\t\t\t<\/div>\n\t\t\t\t\t<\/div>\n\t\t\t\t<\/div>\n\t\t\t\t<\/div>\n\t\t<div class=\"elementor-element elementor-element-a4f24a1 e-con-full e-flex e-con e-parent\" data-id=\"a4f24a1\" data-element_type=\"container\">\n\t\t<div class=\"elementor-element elementor-element-7280565 e-con-full e-flex e-con e-child\" data-id=\"7280565\" data-element_type=\"container\">\n\t\t\t\t<div class=\"elementor-element elementor-element-bfaacde elementor-widget elementor-widget-image\" data-id=\"bfaacde\" data-element_type=\"widget\" data-widget_type=\"image.default\">\n\t\t\t\t<div class=\"elementor-widget-container\">\n\t\t\t\t\t\t\t\t\t\t\t\t\t\t\t<img fetchpriority=\"high\" decoding=\"async\" width=\"800\" height=\"601\" src=\"https:\/\/greenmango24.com\/altesmango\/wp-content\/uploads\/2025\/03\/Gutschein-Beambox-NEU-1-800x601-1.jpg\" class=\"elementor-animation-grow attachment-large size-large wp-image-852\" alt=\"\" srcset=\"https:\/\/greenmango24.com\/altesmango\/wp-content\/uploads\/2025\/03\/Gutschein-Beambox-NEU-1-800x601-1.jpg 800w, https:\/\/greenmango24.com\/altesmango\/wp-content\/uploads\/2025\/03\/Gutschein-Beambox-NEU-1-800x601-1-300x225.jpg 300w, https:\/\/greenmango24.com\/altesmango\/wp-content\/uploads\/2025\/03\/Gutschein-Beambox-NEU-1-800x601-1-768x577.jpg 768w\" sizes=\"(max-width: 800px) 100vw, 800px\" \/>\t\t\t\t\t\t\t\t\t\t\t\t\t\t\t<\/div>\n\t\t\t\t<\/div>\n\t\t\t\t<div class=\"elementor-element elementor-element-ea12b5f inner_anchor elementor-widget elementor-widget-text-editor\" data-id=\"ea12b5f\" data-element_type=\"widget\" data-widget_type=\"text-editor.default\">\n\t\t\t\t<div class=\"elementor-widget-container\">\n\t\t\t\t\t\t\t\t\t<p><a href=\"https:\/\/greenmango24.com\/altesmango\/gutscheine\">Mehr Infos<\/a><\/p>\t\t\t\t\t\t\t\t<\/div>\n\t\t\t\t<\/div>\n\t\t\t\t<\/div>\n\t\t<div class=\"elementor-element elementor-element-ceb0b03 e-con-full e-flex e-con e-child\" data-id=\"ceb0b03\" data-element_type=\"container\">\n\t\t\t\t<div class=\"elementor-element elementor-element-75c5b88 elementor-widget elementor-widget-text-editor\" data-id=\"75c5b88\" data-element_type=\"widget\" data-widget_type=\"text-editor.default\">\n\t\t\t\t<div class=\"elementor-widget-container\">\n\t\t\t\t\t\t\t\t\t<p class=\"fusion-responsive-typography-calculated\" data-fontsize=\"20\" data-lineheight=\"30px\">Feiert in unserer urigen und intimen Karaoke BeamBox mit\u00a0<strong>bis zu acht Personen<\/strong>. Mitten in europas gr\u00f6\u00dfter Karaoke- und Erlebnisbar feiert ihr in eurem eigenen, schallisolierten und voll klimatisierten Separee. Genie\u00dft vollumf\u00e4nglich die Vorz\u00fcge des Green Mango, ohne auf der gro\u00dfen B\u00fchne stehen zu m\u00fcssen. Ideal, wenn ihr es privat und exklusiv m\u00f6gt. Lest die Texte von unserem riesigen LED Flatscreen ab und das passende Teufel Boxensystem versorgt euch\u00a0<strong>mit bester Soundqualit\u00e4t<\/strong>. Ausgestattet mit unserer neuesten Karaokekiste, habt ihr Zugriff\u00a0<strong>auf \u00fcber 150.000 Songs in mehr als 10 verschiedenen Landessprachen!<\/strong><\/p>\t\t\t\t\t\t\t\t<\/div>\n\t\t\t\t<\/div>\n\t\t\t\t<\/div>\n\t\t\t\t<\/div>\n\t\t<div class=\"elementor-element elementor-element-55b70be e-con-full e-flex e-con e-parent\" data-id=\"55b70be\" data-element_type=\"container\">\n\t\t\t\t<div class=\"elementor-element elementor-element-0daf04b inner_anchor elementor-widget elementor-widget-text-editor\" data-id=\"0daf04b\" data-element_type=\"widget\" data-widget_type=\"text-editor.default\">\n\t\t\t\t<div class=\"elementor-widget-container\">\n\t\t\t\t\t\t\t\t\tGem\u00fctliches LED- und Schwarzlicht, gepaart mit einer standesgem\u00e4\u00dfen Discokugel, sorgt f\u00fcr das passende Ambiente f\u00fcr einen tollen Abend unter Freunden. Mit dem\u00a0<strong>integrierten Serviceschalter<\/strong>, ist unsere Bedienung im Handumdrehen bei euch, nimmt eure Bestellungen auf und bringt die leckeren Cocktails direkt in die BeamBox. \u2028\u2028Zu mieten ist der exklusive Partyspa\u00df\u00a0<strong>ab 20\u20ac \/ Stunde<\/strong>, bei einer Mindestanmietung von zwei Stunden. Und ist eure Zeit in der Box mal rum \u2013 kein Problem! Einfach die frisch einstudierten Song f\u00fcr den Rest des Abends im Green Mango unserem Karaokeverr\u00fcckten Publikum vortragen \ud83d\ude09\n\n<span class=\"yellow_hilight\"><strong>Wir empfehlen:<\/strong><\/span>\u00a0\u00a0<span style=\"color: var( --e-global-color-text ); font-family: var( --e-global-typography-text-font-family ), Sans-serif; font-weight: var( --e-global-typography-text-font-weight ); text-align: var(--text-align); font-size: 1rem;\">Bucht doch gleich ein auf euch angepasstes\u00a0<\/span><a style=\"font-family: var( --e-global-typography-text-font-family ), Sans-serif; font-weight: var( --e-global-typography-text-font-weight ); text-align: var(--text-align);\" href=\"https:\/\/greenmango24.com\/partypakete-fuer-alle\/#beambox\" target=\"_blank\" rel=\"noopener\">Partypaket\u00a0<\/a>\u00a0<span style=\"color: var( --e-global-color-text ); font-family: var( --e-global-typography-text-font-family ), Sans-serif; font-weight: var( --e-global-typography-text-font-weight ); text-align: var(--text-align); font-size: 1rem;\">\u2026und profitiert von Sonderkonditionen!<\/span>\n\nAlso \u2026 schnell ans\u00a0<a href=\"tel:03075637393\"><span class=\"fusion-highlight dark rounded highlight1\">Telefon<\/span><\/a>\u00a0und\u00a0<a href=\"https:\/\/greenmango24.com\/reservierung\/\" target=\"_blank\" rel=\"noopener\"><span class=\"fusion-highlight dark rounded highlight1\">reservieren<\/span><\/a>:\u00a0<strong>Unsere BeamBox erfreut sich bombasticher Nachfrage!<\/strong>\n<h3 class=\"fusion-responsive-typography-calculated\" style=\"color: #ee6059;\" data-fontsize=\"28\" data-lineheight=\"42px\"><b>Wir freuen uns auf euch, eure Mangos!<\/b><\/h3>\t\t\t\t\t\t\t\t<\/div>\n\t\t\t\t<\/div>\n\t\t\t\t<\/div>\n\t\t\t\t<\/div>\n\t\t","protected":false},"excerpt":{"rendered":"<p>DIE KARAOKE BEAMBOX Gem\u00fctlich unter Freunden: die Karaoke BeamBox f\u00fcr 6-8 Personen! Mehr Infos Feiert in unserer urigen und intimen Karaoke BeamBox mit\u00a0bis zu acht Personen. Mitten in europas gr\u00f6\u00dfter Karaoke- und Erlebnisbar feiert ihr in eurem eigenen, schallisolierten und voll klimatisierten Separee. Genie\u00dft vollumf\u00e4nglich die Vorz\u00fcge des Green Mango, ohne auf der gro\u00dfen B\u00fchne [&hellip;]<\/p>\n","protected":false},"author":1,"featured_media":0,"parent":0,"menu_order":0,"comment_status":"closed","ping_status":"closed","template":"elementor_theme","meta":{"footnotes":""},"class_list":["post-757","page","type-page","status-publish","hentry"],"_links":{"self":[{"href":"https:\/\/greenmango24.com\/altesmango\/wp-json\/wp\/v2\/pages\/757","targetHints":{"allow":["GET"]}}],"collection":[{"href":"https:\/\/greenmango24.com\/altesmango\/wp-json\/wp\/v2\/pages"}],"about":[{"href":"https:\/\/greenmango24.com\/altesmango\/wp-json\/wp\/v2\/types\/page"}],"author":[{"embeddable":true,"href":"https:\/\/greenmango24.com\/altesmango\/wp-json\/wp\/v2\/users\/1"}],"replies":[{"embeddable":true,"href":"https:\/\/greenmango24.com\/altesmango\/wp-json\/wp\/v2\/comments?post=757"}],"version-history":[{"count":10,"href":"https:\/\/greenmango24.com\/altesmango\/wp-json\/wp\/v2\/pages\/757\/revisions"}],"predecessor-version":[{"id":4796,"href":"https:\/\/greenmango24.com\/altesmango\/wp-json\/wp\/v2\/pages\/757\/revisions\/4796"}],"wp:attachment":[{"href":"https:\/\/greenmango24.com\/altesmango\/wp-json\/wp\/v2\/media?parent=757"}],"curies":[{"name":"wp","href":"https:\/\/api.w.org\/{rel}","templated":true}]}}